{"id":108,"date":"2019-03-05T21:00:40","date_gmt":"2019-03-05T19:00:40","guid":{"rendered":"https:\/\/someenera-assat.fi\/?page_id=108"},"modified":"2019-11-14T11:32:58","modified_gmt":"2019-11-14T09:32:58","slug":"metsastys-2","status":"publish","type":"page","link":"https:\/\/someenera-assat.fi\/?page_id=108","title":{"rendered":"METS\u00c4STYS"},"content":{"rendered":"<p>&nbsp;<\/p>\n<p><strong>Riistainfo.fi<\/strong> on Suomen riistakeskuksen koulutussivusto. Se on tarkoitettu<strong> kaikille luonnosta ja riistasta kiinnostuneille<\/strong>. Riistainfo.fi sis\u00e4lt\u00e4\u00e4 koulutusmateriaaleja sek\u00e4 tietoa mets\u00e4styksen aloittamisesta, riistael\u00e4imist\u00e4, suomalaisesta mets\u00e4styksest\u00e4 ja riistahallinnon teht\u00e4vist\u00e4. Lis\u00e4ksi sielt\u00e4 l\u00f6ytyy ajantasainen tieto lains\u00e4\u00e4d\u00e4nt\u00f6\u00f6n ja asetuksiin.<strong>\u00a0<\/strong><a href=\"https:\/\/www.riistainfo.fi\/\"><strong>T\u00e4st\u00e4 riistainfoon<\/strong>.<\/a><\/p>\n","protected":false},"excerpt":{"rendered":"<p>&nbsp; Riistainfo.fi on Suomen riistakeskuksen koulutussivusto. Se on tarkoitettu kaikille luonnosta ja riistasta kiinnostuneille. Riistainfo.fi sis\u00e4lt\u00e4\u00e4 koulutusmateriaaleja sek\u00e4 tietoa mets\u00e4styksen aloittamisesta, riistael\u00e4imist\u00e4, suomalaisesta mets\u00e4styksest\u00e4 ja riistahallinnon teht\u00e4vist\u00e4. Lis\u00e4ksi sielt\u00e4 l\u00f6ytyy ajantasainen tieto lains\u00e4\u00e4d\u00e4nt\u00f6\u00f6n ja asetuksiin.\u00a0T\u00e4st\u00e4 riistainfoon.<\/p>\n","protected":false},"author":1,"featured_media":0,"parent":0,"menu_order":0,"comment_status":"closed","ping_status":"closed","template":"","meta":{"site-sidebar-layout":"default","site-content-layout":"default","ast-site-content-layout":"default","site-content-style":"default","site-sidebar-style":"default","ast-global-header-display":"","ast-banner-title-visibility":"","ast-main-header-display":"","ast-hfb-above-header-display":"","ast-hfb-below-header-display":"","ast-hfb-mobile-header-display":"","site-post-title":"","ast-breadcrumbs-content":"","ast-featured-img":"","footer-sml-layout":"","ast-disable-related-posts":"","theme-transparent-header-meta":"default","adv-header-id-meta":"","stick-header-meta":"","header-above-stick-meta":"","header-main-stick-meta":"","header-below-stick-meta":"","astra-migrate-meta-layouts":"default","ast-page-background-enabled":"default","ast-page-background-meta":{"desktop":{"background-color":"","background-image":"","background-repeat":"repeat","background-position":"center center","background-size":"auto","background-attachment":"scroll","background-type":"","background-media":"","overlay-type":"","overlay-color":"","overlay-opacity":"","overlay-gradient":""},"tablet":{"background-color":"","background-image":"","background-repeat":"repeat","background-position":"center center","background-size":"auto","background-attachment":"scroll","background-type":"","background-media":"","overlay-type":"","overlay-color":"","overlay-opacity":"","overlay-gradient":""},"mobile":{"background-color":"","background-image":"","background-repeat":"repeat","background-position":"center center","background-size":"auto","background-attachment":"scroll","background-type":"","background-media":"","overlay-type":"","overlay-color":"","overlay-opacity":"","overlay-gradient":""}},"ast-content-background-meta":{"desktop":{"background-color":"var(--ast-global-color-5)","background-image":"","background-repeat":"repeat","background-position":"center center","background-size":"auto","background-attachment":"scroll","background-type":"","background-media":"","overlay-type":"","overlay-color":"","overlay-opacity":"","overlay-gradient":""},"tablet":{"background-color":"var(--ast-global-color-5)","background-image":"","background-repeat":"repeat","background-position":"center center","background-size":"auto","background-attachment":"scroll","background-type":"","background-media":"","overlay-type":"","overlay-color":"","overlay-opacity":"","overlay-gradient":""},"mobile":{"background-color":"var(--ast-global-color-5)","background-image":"","background-repeat":"repeat","background-position":"center center","background-size":"auto","background-attachment":"scroll","background-type":"","background-media":"","overlay-type":"","overlay-color":"","overlay-opacity":"","overlay-gradient":""}},"footnotes":""},"class_list":["post-108","page","type-page","status-publish","hentry"],"_links":{"self":[{"href":"https:\/\/someenera-assat.fi\/index.php?rest_route=\/wp\/v2\/pages\/108","targetHints":{"allow":["GET"]}}],"collection":[{"href":"https:\/\/someenera-assat.fi\/index.php?rest_route=\/wp\/v2\/pages"}],"about":[{"href":"https:\/\/someenera-assat.fi\/index.php?rest_route=\/wp\/v2\/types\/page"}],"author":[{"embeddable":true,"href":"https:\/\/someenera-assat.fi\/index.php?rest_route=\/wp\/v2\/users\/1"}],"replies":[{"embeddable":true,"href":"https:\/\/someenera-assat.fi\/index.php?rest_route=%2Fwp%2Fv2%2Fcomments&post=108"}],"version-history":[{"count":5,"href":"https:\/\/someenera-assat.fi\/index.php?rest_route=\/wp\/v2\/pages\/108\/revisions"}],"predecessor-version":[{"id":462,"href":"https:\/\/someenera-assat.fi\/index.php?rest_route=\/wp\/v2\/pages\/108\/revisions\/462"}],"wp:attachment":[{"href":"https:\/\/someenera-assat.fi\/index.php?rest_route=%2Fwp%2Fv2%2Fmedia&parent=108"}],"curies":[{"name":"wp","href":"https:\/\/api.w.org\/{rel}","templated":true}]}}