{"id":109,"date":"2019-03-05T21:00:40","date_gmt":"2019-03-05T19:00:40","guid":{"rendered":"https:\/\/someenera-assat.fi\/?page_id=109"},"modified":"2023-07-05T18:37:09","modified_gmt":"2023-07-05T15:37:09","slug":"maja-2","status":"publish","type":"page","link":"https:\/\/someenera-assat.fi\/?page_id=109","title":{"rendered":"MAJA"},"content":{"rendered":"\r\n<p>NALLIKALLIO. Osoite: Koirasalmentie 77 B, Someenj\u00e4rvi, Ristiina, Mikkeli. Sijainti: N: 6813710, E:529477.<\/p>\r\n<p>&nbsp;<\/p>\r\n<p>1984 k\u00e4ynistettiin mets\u00e4stysmajan hankinta ja avajaisia vietettiin 3.10.1987. Rantasauna rakennettiin 1992. 7.11.2003 muurattiin lis\u00e4osan peruskivi ja lis\u00e4osa valmistui vuonna 2005. Terassi rakennettiin vuonna 2018. L\u00e4mm\u00f6neristyst\u00e4 on parannettu vuosien mittaan ja mm keitti\u00f6 ja takka on uusittu. Pihapiiriss\u00e4 on my\u00f6s laavu nuotiopaikkana ja nylkyvaja kylmi\u00f6inen riistank\u00e4sittelyyn.\u00a0<\/p>\r\n\r\n\r\n\r\n<p>&nbsp;<\/p>\r\n\r\n\r\n\r\n<figure class=\"wp-block-image\"><img fetchpriority=\"high\" decoding=\"async\" width=\"1024\" height=\"576\" class=\"wp-image-155\" src=\"https:\/\/someenera-assat.fi\/wp-content\/uploads\/2019\/07\/PSX_20190614_194226-1024x576.jpg\" alt=\"\" srcset=\"https:\/\/someenera-assat.fi\/wp-content\/uploads\/2019\/07\/PSX_20190614_194226-1024x576.jpg 1024w, https:\/\/someenera-assat.fi\/wp-content\/uploads\/2019\/07\/PSX_20190614_194226-300x169.jpg 300w, https:\/\/someenera-assat.fi\/wp-content\/uploads\/2019\/07\/PSX_20190614_194226-768x432.jpg 768w\" sizes=\"(max-width: 1024px) 100vw, 1024px\" \/><\/figure>\r\n\r\n\r\n\r\n<figure class=\"wp-block-image\"><img decoding=\"async\" width=\"1024\" height=\"576\" class=\"wp-image-157\" src=\"https:\/\/someenera-assat.fi\/wp-content\/uploads\/2019\/07\/PSX_20190615_052147-1024x576.jpg\" alt=\"\" srcset=\"https:\/\/someenera-assat.fi\/wp-content\/uploads\/2019\/07\/PSX_20190615_052147-1024x576.jpg 1024w, https:\/\/someenera-assat.fi\/wp-content\/uploads\/2019\/07\/PSX_20190615_052147-300x169.jpg 300w, https:\/\/someenera-assat.fi\/wp-content\/uploads\/2019\/07\/PSX_20190615_052147-768x432.jpg 768w\" sizes=\"(max-width: 1024px) 100vw, 1024px\" \/><\/figure>\r\n\r\n\r\n\r\n<figure class=\"wp-block-image\"><img decoding=\"async\" width=\"1024\" height=\"576\" class=\"wp-image-156\" src=\"https:\/\/someenera-assat.fi\/wp-content\/uploads\/2019\/07\/PSX_20190615_052013-1024x576.jpg\" alt=\"\" srcset=\"https:\/\/someenera-assat.fi\/wp-content\/uploads\/2019\/07\/PSX_20190615_052013-1024x576.jpg 1024w, https:\/\/someenera-assat.fi\/wp-content\/uploads\/2019\/07\/PSX_20190615_052013-300x169.jpg 300w, https:\/\/someenera-assat.fi\/wp-content\/uploads\/2019\/07\/PSX_20190615_052013-768x432.jpg 768w\" sizes=\"(max-width: 1024px) 100vw, 1024px\" \/><\/figure>\r\n\r\n\r\n\r\n<figure class=\"wp-block-image\"><img loading=\"lazy\" decoding=\"async\" width=\"1024\" height=\"576\" class=\"wp-image-158\" src=\"https:\/\/someenera-assat.fi\/wp-content\/uploads\/2019\/07\/PSX_20190615_052307-1024x576.jpg\" alt=\"\" srcset=\"https:\/\/someenera-assat.fi\/wp-content\/uploads\/2019\/07\/PSX_20190615_052307-1024x576.jpg 1024w, https:\/\/someenera-assat.fi\/wp-content\/uploads\/2019\/07\/PSX_20190615_052307-300x169.jpg 300w, https:\/\/someenera-assat.fi\/wp-content\/uploads\/2019\/07\/PSX_20190615_052307-768x432.jpg 768w\" sizes=\"(max-width: 1024px) 100vw, 1024px\" \/><\/figure>\r\n<figure><\/figure>\r\n<figure class=\"wp-block-image\"><img loading=\"lazy\" decoding=\"async\" class=\"wp-image-277 alignleft\" src=\"https:\/\/someenera-assat.fi\/wp-content\/uploads\/2019\/07\/DSC_0009_7-300x169.jpg\" alt=\"\" width=\"983\" height=\"553\" srcset=\"https:\/\/someenera-assat.fi\/wp-content\/uploads\/2019\/07\/DSC_0009_7-300x169.jpg 300w, https:\/\/someenera-assat.fi\/wp-content\/uploads\/2019\/07\/DSC_0009_7-768x432.jpg 768w, https:\/\/someenera-assat.fi\/wp-content\/uploads\/2019\/07\/DSC_0009_7-1024x576.jpg 1024w, https:\/\/someenera-assat.fi\/wp-content\/uploads\/2019\/07\/DSC_0009_7-1568x882.jpg 1568w\" sizes=\"(max-width: 983px) 100vw, 983px\" \/><\/figure>\r\n\r\n\r\n\r\n<figure class=\"wp-block-image\"><img loading=\"lazy\" decoding=\"async\" width=\"1024\" height=\"682\" class=\"wp-image-47\" src=\"https:\/\/someenera-assat.fi\/wp-content\/uploads\/2019\/01\/MG_6219-1024x682.jpg\" alt=\"\" srcset=\"https:\/\/someenera-assat.fi\/wp-content\/uploads\/2019\/01\/MG_6219-1024x682.jpg 1024w, https:\/\/someenera-assat.fi\/wp-content\/uploads\/2019\/01\/MG_6219-300x200.jpg 300w, https:\/\/someenera-assat.fi\/wp-content\/uploads\/2019\/01\/MG_6219-768x512.jpg 768w, https:\/\/someenera-assat.fi\/wp-content\/uploads\/2019\/01\/MG_6219-1200x800.jpg 1200w\" sizes=\"(max-width: 1024px) 100vw, 1024px\" \/><\/figure>\r\n\r\n\r\n\r\n<figure class=\"wp-block-image\"><img loading=\"lazy\" decoding=\"async\" width=\"1024\" height=\"683\" class=\"wp-image-48\" src=\"https:\/\/someenera-assat.fi\/wp-content\/uploads\/2019\/01\/MG_6320-1024x683.jpg\" alt=\"\" srcset=\"https:\/\/someenera-assat.fi\/wp-content\/uploads\/2019\/01\/MG_6320-1024x683.jpg 1024w, https:\/\/someenera-assat.fi\/wp-content\/uploads\/2019\/01\/MG_6320-300x200.jpg 300w, https:\/\/someenera-assat.fi\/wp-content\/uploads\/2019\/01\/MG_6320-768x512.jpg 768w, https:\/\/someenera-assat.fi\/wp-content\/uploads\/2019\/01\/MG_6320-1200x800.jpg 1200w\" sizes=\"(max-width: 1024px) 100vw, 1024px\" \/><\/figure>\r\n\r\n\r\n\r\n<figure class=\"wp-block-image\"><img loading=\"lazy\" decoding=\"async\" width=\"1024\" height=\"683\" class=\"wp-image-35\" src=\"https:\/\/someenera-assat.fi\/wp-content\/uploads\/2019\/01\/MG_6344-1024x683.jpg\" alt=\"\" srcset=\"https:\/\/someenera-assat.fi\/wp-content\/uploads\/2019\/01\/MG_6344-1024x683.jpg 1024w, https:\/\/someenera-assat.fi\/wp-content\/uploads\/2019\/01\/MG_6344-300x200.jpg 300w, https:\/\/someenera-assat.fi\/wp-content\/uploads\/2019\/01\/MG_6344-768x512.jpg 768w\" sizes=\"(max-width: 1024px) 100vw, 1024px\" \/><\/figure>\r\n\r\n\r\n\r\n<figure class=\"wp-block-image\"><img loading=\"lazy\" decoding=\"async\" width=\"1024\" height=\"683\" class=\"wp-image-24\" src=\"https:\/\/someenera-assat.fi\/wp-content\/uploads\/2019\/01\/MG_6208-1024x683.jpg\" alt=\"\" srcset=\"https:\/\/someenera-assat.fi\/wp-content\/uploads\/2019\/01\/MG_6208-1024x683.jpg 1024w, https:\/\/someenera-assat.fi\/wp-content\/uploads\/2019\/01\/MG_6208-300x200.jpg 300w, https:\/\/someenera-assat.fi\/wp-content\/uploads\/2019\/01\/MG_6208-768x512.jpg 768w, https:\/\/someenera-assat.fi\/wp-content\/uploads\/2019\/01\/MG_6208-650x433.jpg 650w\" sizes=\"(max-width: 1024px) 100vw, 1024px\" \/><\/figure>\r\n<p><img loading=\"lazy\" decoding=\"async\" class=\"alignnone  wp-image-476\" src=\"https:\/\/someenera-assat.fi\/wp-content\/uploads\/2019\/11\/MG_2584-300x200.jpg\" alt=\"\" width=\"995\" height=\"663\" srcset=\"https:\/\/someenera-assat.fi\/wp-content\/uploads\/2019\/11\/MG_2584-300x200.jpg 300w, https:\/\/someenera-assat.fi\/wp-content\/uploads\/2019\/11\/MG_2584-1024x683.jpg 1024w, https:\/\/someenera-assat.fi\/wp-content\/uploads\/2019\/11\/MG_2584-768x512.jpg 768w, https:\/\/someenera-assat.fi\/wp-content\/uploads\/2019\/11\/MG_2584-1536x1024.jpg 1536w, https:\/\/someenera-assat.fi\/wp-content\/uploads\/2019\/11\/MG_2584-2048x1365.jpg 2048w\" sizes=\"(max-width: 995px) 100vw, 995px\" \/><\/p>\r\n<p><img loading=\"lazy\" decoding=\"async\" class=\"alignnone  wp-image-469\" src=\"https:\/\/someenera-assat.fi\/wp-content\/uploads\/2019\/11\/MG_2549-300x200.jpg\" alt=\"\" width=\"1064\" height=\"709\" srcset=\"https:\/\/someenera-assat.fi\/wp-content\/uploads\/2019\/11\/MG_2549-300x200.jpg 300w, https:\/\/someenera-assat.fi\/wp-content\/uploads\/2019\/11\/MG_2549-1024x683.jpg 1024w, https:\/\/someenera-assat.fi\/wp-content\/uploads\/2019\/11\/MG_2549-768x512.jpg 768w, https:\/\/someenera-assat.fi\/wp-content\/uploads\/2019\/11\/MG_2549-1536x1024.jpg 1536w, https:\/\/someenera-assat.fi\/wp-content\/uploads\/2019\/11\/MG_2549-2048x1365.jpg 2048w\" sizes=\"(max-width: 1064px) 100vw, 1064px\" \/><\/p>\r\n<p><img loading=\"lazy\" decoding=\"async\" class=\"alignnone  wp-image-468\" src=\"https:\/\/someenera-assat.fi\/wp-content\/uploads\/2019\/11\/MG_2535-300x200.jpg\" alt=\"\" width=\"1077\" height=\"718\" srcset=\"https:\/\/someenera-assat.fi\/wp-content\/uploads\/2019\/11\/MG_2535-300x200.jpg 300w, https:\/\/someenera-assat.fi\/wp-content\/uploads\/2019\/11\/MG_2535-1024x683.jpg 1024w, https:\/\/someenera-assat.fi\/wp-content\/uploads\/2019\/11\/MG_2535-768x512.jpg 768w, https:\/\/someenera-assat.fi\/wp-content\/uploads\/2019\/11\/MG_2535-1536x1024.jpg 1536w, https:\/\/someenera-assat.fi\/wp-content\/uploads\/2019\/11\/MG_2535-2048x1365.jpg 2048w\" sizes=\"(max-width: 1077px) 100vw, 1077px\" \/><\/p>\r\n<figure id=\"attachment_472\" aria-describedby=\"caption-attachment-472\" style=\"width: 987px\" class=\"wp-caption alignnone\"><img loading=\"lazy\" decoding=\"async\" class=\" wp-image-472\" src=\"https:\/\/someenera-assat.fi\/wp-content\/uploads\/2019\/11\/MG_2563-300x200.jpg\" alt=\"2 h mh\" width=\"987\" height=\"658\" srcset=\"https:\/\/someenera-assat.fi\/wp-content\/uploads\/2019\/11\/MG_2563-300x200.jpg 300w, https:\/\/someenera-assat.fi\/wp-content\/uploads\/2019\/11\/MG_2563-1024x683.jpg 1024w, https:\/\/someenera-assat.fi\/wp-content\/uploads\/2019\/11\/MG_2563-768x512.jpg 768w, https:\/\/someenera-assat.fi\/wp-content\/uploads\/2019\/11\/MG_2563-1536x1024.jpg 1536w, https:\/\/someenera-assat.fi\/wp-content\/uploads\/2019\/11\/MG_2563-2048x1365.jpg 2048w\" sizes=\"(max-width: 987px) 100vw, 987px\" \/><figcaption id=\"caption-attachment-472\" class=\"wp-caption-text\">Mh 2 hl\u00f6<\/figcaption><\/figure>\r\n<figure id=\"attachment_473\" aria-describedby=\"caption-attachment-473\" style=\"width: 1004px\" class=\"wp-caption alignnone\"><img loading=\"lazy\" decoding=\"async\" class=\" wp-image-473\" src=\"https:\/\/someenera-assat.fi\/wp-content\/uploads\/2019\/11\/MG_2566-300x200.jpg\" alt=\"\" width=\"1004\" height=\"669\" srcset=\"https:\/\/someenera-assat.fi\/wp-content\/uploads\/2019\/11\/MG_2566-300x200.jpg 300w, https:\/\/someenera-assat.fi\/wp-content\/uploads\/2019\/11\/MG_2566-1024x683.jpg 1024w, https:\/\/someenera-assat.fi\/wp-content\/uploads\/2019\/11\/MG_2566-768x512.jpg 768w, https:\/\/someenera-assat.fi\/wp-content\/uploads\/2019\/11\/MG_2566-1536x1024.jpg 1536w, https:\/\/someenera-assat.fi\/wp-content\/uploads\/2019\/11\/MG_2566-2048x1365.jpg 2048w\" sizes=\"(max-width: 1004px) 100vw, 1004px\" \/><figcaption id=\"caption-attachment-473\" class=\"wp-caption-text\">Mh 3 hl\u00f6<\/figcaption><\/figure>\r\n<figure id=\"attachment_470\" aria-describedby=\"caption-attachment-470\" style=\"width: 1052px\" class=\"wp-caption alignnone\"><img loading=\"lazy\" decoding=\"async\" class=\" wp-image-470\" src=\"https:\/\/someenera-assat.fi\/wp-content\/uploads\/2019\/11\/MG_2553-300x200.jpg\" alt=\"\" width=\"1052\" height=\"701\" srcset=\"https:\/\/someenera-assat.fi\/wp-content\/uploads\/2019\/11\/MG_2553-300x200.jpg 300w, https:\/\/someenera-assat.fi\/wp-content\/uploads\/2019\/11\/MG_2553-1024x683.jpg 1024w, https:\/\/someenera-assat.fi\/wp-content\/uploads\/2019\/11\/MG_2553-768x512.jpg 768w, https:\/\/someenera-assat.fi\/wp-content\/uploads\/2019\/11\/MG_2553-1536x1024.jpg 1536w, https:\/\/someenera-assat.fi\/wp-content\/uploads\/2019\/11\/MG_2553-2048x1365.jpg 2048w\" sizes=\"(max-width: 1052px) 100vw, 1052px\" \/><figcaption id=\"caption-attachment-470\" class=\"wp-caption-text\">Makuutila<\/figcaption><\/figure>\r\n<figure id=\"attachment_482\" aria-describedby=\"caption-attachment-482\" style=\"width: 1001px\" class=\"wp-caption alignnone\"><img loading=\"lazy\" decoding=\"async\" class=\" wp-image-482\" src=\"https:\/\/someenera-assat.fi\/wp-content\/uploads\/2019\/11\/20191114_142233-300x169.jpg\" alt=\"\" width=\"1001\" height=\"564\" srcset=\"https:\/\/someenera-assat.fi\/wp-content\/uploads\/2019\/11\/20191114_142233-300x169.jpg 300w, https:\/\/someenera-assat.fi\/wp-content\/uploads\/2019\/11\/20191114_142233-1024x576.jpg 1024w, https:\/\/someenera-assat.fi\/wp-content\/uploads\/2019\/11\/20191114_142233-768x432.jpg 768w, https:\/\/someenera-assat.fi\/wp-content\/uploads\/2019\/11\/20191114_142233-1536x864.jpg 1536w, https:\/\/someenera-assat.fi\/wp-content\/uploads\/2019\/11\/20191114_142233-2048x1152.jpg 2048w\" sizes=\"(max-width: 1001px) 100vw, 1001px\" \/><figcaption id=\"caption-attachment-482\" class=\"wp-caption-text\">Makuutila<\/figcaption><\/figure>\r\n<figure id=\"attachment_471\" aria-describedby=\"caption-attachment-471\" style=\"width: 1007px\" class=\"wp-caption alignnone\"><img loading=\"lazy\" decoding=\"async\" class=\" wp-image-471\" src=\"https:\/\/someenera-assat.fi\/wp-content\/uploads\/2019\/11\/MG_2558-300x200.jpg\" alt=\"\" width=\"1007\" height=\"671\" srcset=\"https:\/\/someenera-assat.fi\/wp-content\/uploads\/2019\/11\/MG_2558-300x200.jpg 300w, https:\/\/someenera-assat.fi\/wp-content\/uploads\/2019\/11\/MG_2558-1024x683.jpg 1024w, https:\/\/someenera-assat.fi\/wp-content\/uploads\/2019\/11\/MG_2558-768x512.jpg 768w, https:\/\/someenera-assat.fi\/wp-content\/uploads\/2019\/11\/MG_2558-1536x1024.jpg 1536w, https:\/\/someenera-assat.fi\/wp-content\/uploads\/2019\/11\/MG_2558-2048x1365.jpg 2048w\" sizes=\"(max-width: 1007px) 100vw, 1007px\" \/><figcaption id=\"caption-attachment-471\" class=\"wp-caption-text\">Makuutila<\/figcaption><\/figure>\r\n<p>Vuokraus: Jere Leinonen, 045 650 5890, <a href=\"mailto:jejuleinonen@gmail.com\">jejuleinonen@gmail.com<\/a><\/p>\r\n<p>Kiinteist\u00f6huoltaja: Jukka Tukiainen p. 0440 414243,\u00a0 <a href=\"mailto:talonmies@someenera-assat.fi\">talonmies@someenera-assat.fi<\/a><\/p>\r\n<p>&nbsp;<\/p>\r\n<p><strong>Palauteet, majan puutteet ja kehitysehdotukset, yhteydenottopyynt\u00f6:<\/strong><\/p>\r\n\n<div class=\"wpcf7 no-js\" id=\"wpcf7-f282-o1\" lang=\"fi\" dir=\"ltr\" data-wpcf7-id=\"282\">\n<div class=\"screen-reader-response\"><p role=\"status\" aria-live=\"polite\" aria-atomic=\"true\"><\/p> <ul><\/ul><\/div>\n<form action=\"\/index.php?rest_route=%2Fwp%2Fv2%2Fpages%2F109#wpcf7-f282-o1\" method=\"post\" class=\"wpcf7-form init\" aria-label=\"Yhteydenottolomake\" novalidate=\"novalidate\" data-status=\"init\">\n<fieldset class=\"hidden-fields-container\"><input type=\"hidden\" name=\"_wpcf7\" value=\"282\" \/><input type=\"hidden\" name=\"_wpcf7_version\" value=\"6.1.5\" \/><input type=\"hidden\" name=\"_wpcf7_locale\" value=\"fi\" \/><input type=\"hidden\" name=\"_wpcf7_unit_tag\" value=\"wpcf7-f282-o1\" \/><input type=\"hidden\" name=\"_wpcf7_container_post\" value=\"0\" \/><input type=\"hidden\" name=\"_wpcf7_posted_data_hash\" value=\"\" \/>\n<\/fieldset>\n<p><label> Nimesi (pakollinen)<br \/>\n<span class=\"wpcf7-form-control-wrap\" data-name=\"your-name\"><input size=\"40\" maxlength=\"400\" class=\"wpcf7-form-control wpcf7-text wpcf7-validates-as-required\" aria-required=\"true\" aria-invalid=\"false\" value=\"\" type=\"text\" name=\"your-name\" \/><\/span> <\/label>\n<\/p>\n<p><label> S\u00e4hk\u00f6postisi (pakollinen)<br \/>\n<span class=\"wpcf7-form-control-wrap\" data-name=\"your-email\"><input size=\"40\" maxlength=\"400\" class=\"wpcf7-form-control wpcf7-email wpcf7-validates-as-required wpcf7-text wpcf7-validates-as-email\" aria-required=\"true\" aria-invalid=\"false\" value=\"\" type=\"email\" name=\"your-email\" \/><\/span> <\/label>\n<\/p>\n<p><label> Aihe<br \/>\n<span class=\"wpcf7-form-control-wrap\" data-name=\"your-subject\"><input size=\"40\" maxlength=\"400\" class=\"wpcf7-form-control wpcf7-text\" aria-invalid=\"false\" value=\"\" type=\"text\" name=\"your-subject\" \/><\/span> <\/label>\n<\/p>\n<p><label> Viesti<br \/>\n<span class=\"wpcf7-form-control-wrap\" data-name=\"your-message\"><textarea cols=\"40\" rows=\"10\" maxlength=\"2000\" class=\"wpcf7-form-control wpcf7-textarea\" aria-invalid=\"false\" name=\"your-message\"><\/textarea><\/span> <\/label>\n<\/p>\n<p><input class=\"wpcf7-form-control wpcf7-submit has-spinner\" type=\"submit\" value=\"L\u00e4het\u00e4\" \/>\n<\/p><div class=\"wpcf7-response-output\" aria-hidden=\"true\"><\/div>\n<\/form>\n<\/div>\n\r\n","protected":false},"excerpt":{"rendered":"<p>NALLIKALLIO. Osoite: Koirasalmentie 77 B, Someenj\u00e4rvi, Ristiina, Mikkeli. Sijainti: N: 6813710, E:529477. &nbsp; 1984 k\u00e4ynistettiin mets\u00e4stysmajan hankinta ja avajaisia vietettiin 3.10.1987. Rantasauna rakennettiin 1992. 7.11.2003 muurattiin lis\u00e4osan peruskivi ja lis\u00e4osa valmistui vuonna 2005. Terassi rakennettiin vuonna 2018. L\u00e4mm\u00f6neristyst\u00e4 on parannettu vuosien mittaan ja mm keitti\u00f6 ja takka on uusittu. Pihapiiriss\u00e4 on my\u00f6s laavu nuotiopaikkana ja [&hellip;]<\/p>\n","protected":false},"author":1,"featured_media":0,"parent":0,"menu_order":0,"comment_status":"closed","ping_status":"closed","template":"","meta":{"site-sidebar-layout":"default","site-content-layout":"default","ast-site-content-layout":"default","site-content-style":"default","site-sidebar-style":"default","ast-global-header-display":"","ast-banner-title-visibility":"","ast-main-header-display":"","ast-hfb-above-header-display":"","ast-hfb-below-header-display":"","ast-hfb-mobile-header-display":"","site-post-title":"","ast-breadcrumbs-content":"","ast-featured-img":"","footer-sml-layout":"","ast-disable-related-posts":"","theme-transparent-header-meta":"default","adv-header-id-meta":"","stick-header-meta":"","header-above-stick-meta":"","header-main-stick-meta":"","header-below-stick-meta":"","astra-migrate-meta-layouts":"default","ast-page-background-enabled":"default","ast-page-background-meta":{"desktop":{"background-color":"","background-image":"","background-repeat":"repeat","background-position":"center center","background-size":"auto","background-attachment":"scroll","background-type":"","background-media":"","overlay-type":"","overlay-color":"","overlay-opacity":"","overlay-gradient":""},"tablet":{"background-color":"","background-image":"","background-repeat":"repeat","background-position":"center center","background-size":"auto","background-attachment":"scroll","background-type":"","background-media":"","overlay-type":"","overlay-color":"","overlay-opacity":"","overlay-gradient":""},"mobile":{"background-color":"","background-image":"","background-repeat":"repeat","background-position":"center center","background-size":"auto","background-attachment":"scroll","background-type":"","background-media":"","overlay-type":"","overlay-color":"","overlay-opacity":"","overlay-gradient":""}},"ast-content-background-meta":{"desktop":{"background-color":"var(--ast-global-color-5)","background-image":"","background-repeat":"repeat","background-position":"center center","background-size":"auto","background-attachment":"scroll","background-type":"","background-media":"","overlay-type":"","overlay-color":"","overlay-opacity":"","overlay-gradient":""},"tablet":{"background-color":"var(--ast-global-color-5)","background-image":"","background-repeat":"repeat","background-position":"center center","background-size":"auto","background-attachment":"scroll","background-type":"","background-media":"","overlay-type":"","overlay-color":"","overlay-opacity":"","overlay-gradient":""},"mobile":{"background-color":"var(--ast-global-color-5)","background-image":"","background-repeat":"repeat","background-position":"center center","background-size":"auto","background-attachment":"scroll","background-type":"","background-media":"","overlay-type":"","overlay-color":"","overlay-opacity":"","overlay-gradient":""}},"footnotes":""},"class_list":["post-109","page","type-page","status-publish","hentry"],"_links":{"self":[{"href":"https:\/\/someenera-assat.fi\/index.php?rest_route=\/wp\/v2\/pages\/109","targetHints":{"allow":["GET"]}}],"collection":[{"href":"https:\/\/someenera-assat.fi\/index.php?rest_route=\/wp\/v2\/pages"}],"about":[{"href":"https:\/\/someenera-assat.fi\/index.php?rest_route=\/wp\/v2\/types\/page"}],"author":[{"embeddable":true,"href":"https:\/\/someenera-assat.fi\/index.php?rest_route=\/wp\/v2\/users\/1"}],"replies":[{"embeddable":true,"href":"https:\/\/someenera-assat.fi\/index.php?rest_route=%2Fwp%2Fv2%2Fcomments&post=109"}],"version-history":[{"count":29,"href":"https:\/\/someenera-assat.fi\/index.php?rest_route=\/wp\/v2\/pages\/109\/revisions"}],"predecessor-version":[{"id":866,"href":"https:\/\/someenera-assat.fi\/index.php?rest_route=\/wp\/v2\/pages\/109\/revisions\/866"}],"wp:attachment":[{"href":"https:\/\/someenera-assat.fi\/index.php?rest_route=%2Fwp%2Fv2%2Fmedia&parent=109"}],"curies":[{"name":"wp","href":"https:\/\/api.w.org\/{rel}","templated":true}]}}