{"id":192,"date":"2019-07-03T14:47:56","date_gmt":"2019-07-03T11:47:56","guid":{"rendered":"https:\/\/someenera-assat.fi\/?page_id=192"},"modified":"2019-07-28T09:20:17","modified_gmt":"2019-07-28T06:20:17","slug":"riistanhoito","status":"publish","type":"page","link":"https:\/\/someenera-assat.fi\/?page_id=192","title":{"rendered":"RIISTANHOITO"},"content":{"rendered":"<p>RIISTANHOITO<\/p>\n<p>Yll\u00e4pidet\u00e4\u00e4n nuolukivi\u00e4 ja riistapeltoja<br \/>\nSeuralla on kylv\u00f6kone riistapeltojen tekoa varten. Seura maksaa siemenet riistapeltojen tekoon sek\u00e4 nuolukivet.<br \/>\nAktiivista pienpetopyynti\u00e4 (pienpetokilpailu j\u00e4senten kesken)<br \/>\nSeurataan riistakantojen kehityst\u00e4 ja havainnoidaan niiden tilaa<br \/>\nVerotetaan riistakantoja kest\u00e4v\u00e4ll\u00e4 tavalla<br \/>\nSuurpetohavainnot ilmoitetaan eteenp\u00e4in<br \/>\nVillisikahavainnoista heti tieto esim. hirvijahdin mets\u00e4styksenjohtajille<\/p>\n","protected":false},"excerpt":{"rendered":"<p>RIISTANHOITO Yll\u00e4pidet\u00e4\u00e4n nuolukivi\u00e4 ja riistapeltoja Seuralla on kylv\u00f6kone riistapeltojen tekoa varten. Seura maksaa siemenet riistapeltojen tekoon sek\u00e4 nuolukivet. Aktiivista pienpetopyynti\u00e4 (pienpetokilpailu j\u00e4senten kesken) Seurataan riistakantojen kehityst\u00e4 ja havainnoidaan niiden tilaa Verotetaan riistakantoja kest\u00e4v\u00e4ll\u00e4 tavalla Suurpetohavainnot ilmoitetaan eteenp\u00e4in Villisikahavainnoista heti tieto esim. hirvijahdin mets\u00e4styksenjohtajille<\/p>\n","protected":false},"author":1,"featured_media":0,"parent":0,"menu_order":0,"comment_status":"closed","ping_status":"closed","template":"","meta":{"site-sidebar-layout":"default","site-content-layout":"","ast-site-content-layout":"default","site-content-style":"default","site-sidebar-style":"default","ast-global-header-display":"","ast-banner-title-visibility":"","ast-main-header-display":"","ast-hfb-above-header-display":"","ast-hfb-below-header-display":"","ast-hfb-mobile-header-display":"","site-post-title":"","ast-breadcrumbs-content":"","ast-featured-img":"","footer-sml-layout":"","ast-disable-related-posts":"","theme-transparent-header-meta":"","adv-header-id-meta":"","stick-header-meta":"","header-above-stick-meta":"","header-main-stick-meta":"","header-below-stick-meta":"","astra-migrate-meta-layouts":"default","ast-page-background-enabled":"default","ast-page-background-meta":{"desktop":{"background-color":"","background-image":"","background-repeat":"repeat","background-position":"center center","background-size":"auto","background-attachment":"scroll","background-type":"","background-media":"","overlay-type":"","overlay-color":"","overlay-opacity":"","overlay-gradient":""},"tablet":{"background-color":"","background-image":"","background-repeat":"repeat","background-position":"center center","background-size":"auto","background-attachment":"scroll","background-type":"","background-media":"","overlay-type":"","overlay-color":"","overlay-opacity":"","overlay-gradient":""},"mobile":{"background-color":"","background-image":"","background-repeat":"repeat","background-position":"center center","background-size":"auto","background-attachment":"scroll","background-type":"","background-media":"","overlay-type":"","overlay-color":"","overlay-opacity":"","overlay-gradient":""}},"ast-content-background-meta":{"desktop":{"background-color":"var(--ast-global-color-5)","background-image":"","background-repeat":"repeat","background-position":"center center","background-size":"auto","background-attachment":"scroll","background-type":"","background-media":"","overlay-type":"","overlay-color":"","overlay-opacity":"","overlay-gradient":""},"tablet":{"background-color":"var(--ast-global-color-5)","background-image":"","background-repeat":"repeat","background-position":"center center","background-size":"auto","background-attachment":"scroll","background-type":"","background-media":"","overlay-type":"","overlay-color":"","overlay-opacity":"","overlay-gradient":""},"mobile":{"background-color":"var(--ast-global-color-5)","background-image":"","background-repeat":"repeat","background-position":"center center","background-size":"auto","background-attachment":"scroll","background-type":"","background-media":"","overlay-type":"","overlay-color":"","overlay-opacity":"","overlay-gradient":""}},"footnotes":""},"class_list":["post-192","page","type-page","status-publish","hentry"],"_links":{"self":[{"href":"https:\/\/someenera-assat.fi\/index.php?rest_route=\/wp\/v2\/pages\/192","targetHints":{"allow":["GET"]}}],"collection":[{"href":"https:\/\/someenera-assat.fi\/index.php?rest_route=\/wp\/v2\/pages"}],"about":[{"href":"https:\/\/someenera-assat.fi\/index.php?rest_route=\/wp\/v2\/types\/page"}],"author":[{"embeddable":true,"href":"https:\/\/someenera-assat.fi\/index.php?rest_route=\/wp\/v2\/users\/1"}],"replies":[{"embeddable":true,"href":"https:\/\/someenera-assat.fi\/index.php?rest_route=%2Fwp%2Fv2%2Fcomments&post=192"}],"version-history":[{"count":3,"href":"https:\/\/someenera-assat.fi\/index.php?rest_route=\/wp\/v2\/pages\/192\/revisions"}],"predecessor-version":[{"id":310,"href":"https:\/\/someenera-assat.fi\/index.php?rest_route=\/wp\/v2\/pages\/192\/revisions\/310"}],"wp:attachment":[{"href":"https:\/\/someenera-assat.fi\/index.php?rest_route=%2Fwp%2Fv2%2Fmedia&parent=192"}],"curies":[{"name":"wp","href":"https:\/\/api.w.org\/{rel}","templated":true}]}}