{"id":194,"date":"2019-07-03T14:49:02","date_gmt":"2019-07-03T11:49:02","guid":{"rendered":"https:\/\/someenera-assat.fi\/?page_id=194"},"modified":"2021-09-15T21:49:10","modified_gmt":"2021-09-15T18:49:10","slug":"ampumatoiminta","status":"publish","type":"page","link":"https:\/\/someenera-assat.fi\/?page_id=194","title":{"rendered":"Ampumatoiminta"},"content":{"rendered":"\t\t<div data-elementor-type=\"wp-page\" data-elementor-id=\"194\" class=\"elementor elementor-194\">\n\t\t\t\t\t\t<section class=\"elementor-section elementor-top-section elementor-element elementor-element-1a4ab760 elementor-section-boxed elementor-section-height-default elementor-section-height-default\" data-id=\"1a4ab760\" data-element_type=\"section\" data-e-type=\"section\">\n\t\t\t\t\t\t<div class=\"elementor-container elementor-column-gap-default\">\n\t\t\t\t\t<div class=\"elementor-column elementor-col-100 elementor-top-column elementor-element elementor-element-4758be07\" data-id=\"4758be07\" data-element_type=\"column\" data-e-type=\"column\">\n\t\t\t<div class=\"elementor-widget-wrap elementor-element-populated\">\n\t\t\t\t\t\t<div class=\"elementor-element elementor-element-2e86a826 elementor-widget elementor-widget-text-editor\" data-id=\"2e86a826\" data-element_type=\"widget\" data-e-type=\"widget\" data-widget_type=\"text-editor.default\">\n\t\t\t\t<div class=\"elementor-widget-container\">\n\t\t\t\t\t\t\t\t\t<p><\/p>\n<p>AMPUMATOIMINTA<\/p>\n<p>Ampumaratana hirvi- ja pienoiskiv\u00e4\u00e4rill\u00e4 k\u00e4ytet\u00e4\u00e4n Ristiinan Riistanhoitoyhdistyksen ratoja.<\/p>\n<p>Seuran j\u00e4sentenv\u00e4linen hirvikilpailu (3 seisova + 3 liikkuva) j\u00e4rjestet\u00e4\u00e4n\u00a0<br \/>Ristiinan rhy:n mestaruuskilpailut lajeina hirvi ( 3 + 3 ) ja pienoisluodikko pidet\u00e4\u00e4n\u00a0<br \/>Perinteinen seurueiden v\u00e4linen hirvikilpailu ( 3 + 3 ) pidet\u00e4\u00e4n\u00a0<br \/>Hirviratavuoro perinteiseen tapaan tiistaisin.<br \/>Hirviradan k\u00e4ytt\u00f6aika ma \u2013 to 12 \u2013 19. Perjantaina 12 \u2013 16 vapaa vuoro kaikkien seurojen harjoitteluun.<br \/>Hirviradan k\u00e4ytt\u00f6kielto 15.6. \u2013 31.7. v\u00e4lisen\u00e4 aikana.<br \/>Pienoiskiv\u00e4\u00e4riradalla saa ampua tauon aikana 0.22 cal aseilla ( ei magnum ). <br \/>Tarvittaessa osallistutaan ampumaradan huoltotalkoisiin<\/p>\n<p><img fetchpriority=\"high\" decoding=\"async\" class=\"alignnone size-medium wp-image-610\" src=\"https:\/\/someenera-assat.fi\/wp-content\/uploads\/2021\/09\/2021-RHY-kisan-voitto-ristiinalainen-nettisivulle-300x199.png\" alt=\"\" width=\"600\" height=\"199\" \/><\/p>\n<p>&nbsp;<\/p>\n<p><\/p>\t\t\t\t\t\t\t\t<\/div>\n\t\t\t\t<\/div>\n\t\t\t\t\t<\/div>\n\t\t<\/div>\n\t\t\t\t\t<\/div>\n\t\t<\/section>\n\t\t\t\t<\/div>\n\t\t","protected":false},"excerpt":{"rendered":"<p>AMPUMATOIMINTA Ampumaratana hirvi- ja pienoiskiv\u00e4\u00e4rill\u00e4 k\u00e4ytet\u00e4\u00e4n Ristiinan Riistanhoitoyhdistyksen ratoja. Seuran j\u00e4sentenv\u00e4linen hirvikilpailu (3 seisova + 3 liikkuva) j\u00e4rjestet\u00e4\u00e4n\u00a0Ristiinan rhy:n mestaruuskilpailut lajeina hirvi ( 3 + 3 ) ja pienoisluodikko pidet\u00e4\u00e4n\u00a0Perinteinen seurueiden v\u00e4linen hirvikilpailu ( 3 + 3 ) pidet\u00e4\u00e4n\u00a0Hirviratavuoro perinteiseen tapaan tiistaisin.Hirviradan k\u00e4ytt\u00f6aika ma \u2013 to 12 \u2013 19. Perjantaina 12 \u2013 16 vapaa vuoro [&hellip;]<\/p>\n","protected":false},"author":1,"featured_media":0,"parent":0,"menu_order":0,"comment_status":"closed","ping_status":"closed","template":"","meta":{"site-sidebar-layout":"default","site-content-layout":"default","ast-site-content-layout":"default","site-content-style":"default","site-sidebar-style":"default","ast-global-header-display":"","ast-banner-title-visibility":"","ast-main-header-display":"","ast-hfb-above-header-display":"","ast-hfb-below-header-display":"","ast-hfb-mobile-header-display":"","site-post-title":"","ast-breadcrumbs-content":"","ast-featured-img":"","footer-sml-layout":"","ast-disable-related-posts":"","theme-transparent-header-meta":"default","adv-header-id-meta":"","stick-header-meta":"","header-above-stick-meta":"","header-main-stick-meta":"","header-below-stick-meta":"","astra-migrate-meta-layouts":"default","ast-page-background-enabled":"default","ast-page-background-meta":{"desktop":{"background-color":"","background-image":"","background-repeat":"repeat","background-position":"center center","background-size":"auto","background-attachment":"scroll","background-type":"","background-media":"","overlay-type":"","overlay-color":"","overlay-opacity":"","overlay-gradient":""},"tablet":{"background-color":"","background-image":"","background-repeat":"repeat","background-position":"center center","background-size":"auto","background-attachment":"scroll","background-type":"","background-media":"","overlay-type":"","overlay-color":"","overlay-opacity":"","overlay-gradient":""},"mobile":{"background-color":"","background-image":"","background-repeat":"repeat","background-position":"center center","background-size":"auto","background-attachment":"scroll","background-type":"","background-media":"","overlay-type":"","overlay-color":"","overlay-opacity":"","overlay-gradient":""}},"ast-content-background-meta":{"desktop":{"background-color":"var(--ast-global-color-5)","background-image":"","background-repeat":"repeat","background-position":"center center","background-size":"auto","background-attachment":"scroll","background-type":"","background-media":"","overlay-type":"","overlay-color":"","overlay-opacity":"","overlay-gradient":""},"tablet":{"background-color":"var(--ast-global-color-5)","background-image":"","background-repeat":"repeat","background-position":"center center","background-size":"auto","background-attachment":"scroll","background-type":"","background-media":"","overlay-type":"","overlay-color":"","overlay-opacity":"","overlay-gradient":""},"mobile":{"background-color":"var(--ast-global-color-5)","background-image":"","background-repeat":"repeat","background-position":"center center","background-size":"auto","background-attachment":"scroll","background-type":"","background-media":"","overlay-type":"","overlay-color":"","overlay-opacity":"","overlay-gradient":""}},"footnotes":""},"class_list":["post-194","page","type-page","status-publish","hentry"],"_links":{"self":[{"href":"https:\/\/someenera-assat.fi\/index.php?rest_route=\/wp\/v2\/pages\/194","targetHints":{"allow":["GET"]}}],"collection":[{"href":"https:\/\/someenera-assat.fi\/index.php?rest_route=\/wp\/v2\/pages"}],"about":[{"href":"https:\/\/someenera-assat.fi\/index.php?rest_route=\/wp\/v2\/types\/page"}],"author":[{"embeddable":true,"href":"https:\/\/someenera-assat.fi\/index.php?rest_route=\/wp\/v2\/users\/1"}],"replies":[{"embeddable":true,"href":"https:\/\/someenera-assat.fi\/index.php?rest_route=%2Fwp%2Fv2%2Fcomments&post=194"}],"version-history":[{"count":12,"href":"https:\/\/someenera-assat.fi\/index.php?rest_route=\/wp\/v2\/pages\/194\/revisions"}],"predecessor-version":[{"id":616,"href":"https:\/\/someenera-assat.fi\/index.php?rest_route=\/wp\/v2\/pages\/194\/revisions\/616"}],"wp:attachment":[{"href":"https:\/\/someenera-assat.fi\/index.php?rest_route=%2Fwp%2Fv2%2Fmedia&parent=194"}],"curies":[{"name":"wp","href":"https:\/\/api.w.org\/{rel}","templated":true}]}}