{"id":323,"date":"2019-07-28T21:14:06","date_gmt":"2019-07-28T18:14:06","guid":{"rendered":"https:\/\/someenera-assat.fi\/?page_id=323"},"modified":"2019-10-02T10:53:45","modified_gmt":"2019-10-02T07:53:45","slug":"harmaiden-pm-karsinta-lohko-3","status":"publish","type":"page","link":"https:\/\/someenera-assat.fi\/?page_id=323","title":{"rendered":"Narttujen PM-valintakoe lohko 3.   2.10.2019"},"content":{"rendered":"<h3><strong>2.10.2019 <\/strong><\/h3>\n<h3><strong>PM-koes\u00e4\u00e4nn\u00f6n mukaisesti, narttujen PM-valintakoe lohko 3<\/strong><\/h3>\n<p>&nbsp;<\/p>\n<p>TULOSSEURANTA: 2.10.2019 KLO 8:00 ALKAEN ALLA OLEVASTA LINKIST\u00c4:<\/p>\n<p><a href=\"https:\/\/koiratietokanta.fi\/hirvikoetulokset\/Mikkeli_20191002.htm\">https:\/\/koiratietokanta.fi\/hirvikoetulokset\/Mikkeli_20191002.htm<\/a><\/p>\n<p>&nbsp;<\/p>\n<table border=\"0\" cellspacing=\"0\" cellpadding=\"4\">\n<tbody>\n<tr class=\"vaihto_otsikko\">\n<td>Paikka<\/td>\n<td>Mikkeli (Nallikallio, Ristiina)<\/td>\n<td><\/td>\n<\/tr>\n<tr class=\"vaihto2\">\n<td><\/td>\n<td align=\"left\" valign=\"top\">J\u00e4rjest\u00e4j\u00e4<\/td>\n<td align=\"left\" valign=\"top\">SOMEEN ER\u00c4-\u00c4SS\u00c4T RY<\/td>\n<td><\/td>\n<\/tr>\n<tr class=\"vaihto2\">\n<td><\/td>\n<td align=\"left\" valign=\"top\">Tapahtumantyyppi<\/td>\n<td align=\"left\" valign=\"top\">yleinen<\/td>\n<td><\/td>\n<\/tr>\n<tr class=\"vaihto2\">\n<td><\/td>\n<td align=\"left\" valign=\"top\">Ylituomari<\/td>\n<td align=\"left\" valign=\"top\">JORMA KOMPPA<\/td>\n<td><\/td>\n<\/tr>\n<tr class=\"vaihto2\">\n<td><\/td>\n<td align=\"left\" valign=\"top\">Ilmoittautuminen<\/td>\n<td align=\"left\" valign=\"top\">1.-25.9.2019<br \/>\nOsanottomaksu 40,00\u20ac, Tilille FI88 5271 5240 0010 24 OKOYFIHH<\/td>\n<td><\/td>\n<\/tr>\n<tr class=\"vaihto2\">\n<td><\/td>\n<td align=\"left\" valign=\"top\">Ilmoittautumisten vastaanottaja<\/td>\n<td align=\"left\" valign=\"top\">JAAKKO SYRJ\u00c4L\u00c4INEN<\/p>\n<p>puh. 040 5584541<br \/>\nlouhenlohi@gmail.com<\/td>\n<td><\/td>\n<\/tr>\n<tr class=\"vaihto2\">\n<td><\/td>\n<td align=\"left\" valign=\"top\">Lis\u00e4tiedot<\/td>\n<td align=\"left\" valign=\"top\">PM-koes\u00e4\u00e4nn\u00f6n mukaisesti, narttujen PM-valintakoe lohko 3<\/td>\n<td><\/td>\n<\/tr>\n<tr class=\"vaihto2\">\n<td><\/td>\n<td align=\"left\" valign=\"top\">Rajoituksen perusteet<\/td>\n<td align=\"left\" valign=\"top\">Muu m\u00e4\u00e4r\u00e4\u00e4 koskeva rajoitus &#8211; piirinmestaruuskoes\u00e4\u00e4nt\u00f6jen edellytt\u00e4m\u00e4 oikeus osallistua: PM- karsintas\u00e4\u00e4nt\u00f6. Nartut PM-karsinta. Lohko 3<\/td>\n<\/tr>\n<\/tbody>\n<\/table>\n<p>&nbsp;<\/p>\n<p>Hirvenhaukkukokeiden koekalenteri<\/p>\n<p>ht<a href=\"https:\/\/omakoira.kennelliitto.fi\/tapahtumakalenteri\/frmTapahtumakalenteri.aspx\">tps:\/\/omakoira.kennelliitto.fi\/tapahtumakalenteri\/frmTapahtumakalenteri.aspx<\/a><\/p>\n<p>ja valitse koemuoto = HIRV \u2013 Hirvenhaukkukoe<\/p>\n<p>&nbsp;<\/p>\n","protected":false},"excerpt":{"rendered":"<p>2.10.2019 PM-koes\u00e4\u00e4nn\u00f6n mukaisesti, narttujen PM-valintakoe lohko 3 &nbsp; TULOSSEURANTA: 2.10.2019 KLO 8:00 ALKAEN ALLA OLEVASTA LINKIST\u00c4: https:\/\/koiratietokanta.fi\/hirvikoetulokset\/Mikkeli_20191002.htm &nbsp; Paikka Mikkeli (Nallikallio, Ristiina) J\u00e4rjest\u00e4j\u00e4 SOMEEN ER\u00c4-\u00c4SS\u00c4T RY Tapahtumantyyppi yleinen Ylituomari JORMA KOMPPA Ilmoittautuminen 1.-25.9.2019 Osanottomaksu 40,00\u20ac, Tilille FI88 5271 5240 0010 24 OKOYFIHH Ilmoittautumisten vastaanottaja JAAKKO SYRJ\u00c4L\u00c4INEN puh. 040 5584541 louhenlohi@gmail.com Lis\u00e4tiedot PM-koes\u00e4\u00e4nn\u00f6n mukaisesti, narttujen PM-valintakoe [&hellip;]<\/p>\n","protected":false},"author":1,"featured_media":0,"parent":0,"menu_order":0,"comment_status":"closed","ping_status":"closed","template":"","meta":{"site-sidebar-layout":"default","site-content-layout":"default","ast-site-content-layout":"default","site-content-style":"default","site-sidebar-style":"default","ast-global-header-display":"","ast-banner-title-visibility":"","ast-main-header-display":"","ast-hfb-above-header-display":"","ast-hfb-below-header-display":"","ast-hfb-mobile-header-display":"","site-post-title":"","ast-breadcrumbs-content":"","ast-featured-img":"","footer-sml-layout":"","ast-disable-related-posts":"","theme-transparent-header-meta":"default","adv-header-id-meta":"","stick-header-meta":"","header-above-stick-meta":"","header-main-stick-meta":"","header-below-stick-meta":"","astra-migrate-meta-layouts":"default","ast-page-background-enabled":"default","ast-page-background-meta":{"desktop":{"background-color":"","background-image":"","background-repeat":"repeat","background-position":"center center","background-size":"auto","background-attachment":"scroll","background-type":"","background-media":"","overlay-type":"","overlay-color":"","overlay-opacity":"","overlay-gradient":""},"tablet":{"background-color":"","background-image":"","background-repeat":"repeat","background-position":"center center","background-size":"auto","background-attachment":"scroll","background-type":"","background-media":"","overlay-type":"","overlay-color":"","overlay-opacity":"","overlay-gradient":""},"mobile":{"background-color":"","background-image":"","background-repeat":"repeat","background-position":"center center","background-size":"auto","background-attachment":"scroll","background-type":"","background-media":"","overlay-type":"","overlay-color":"","overlay-opacity":"","overlay-gradient":""}},"ast-content-background-meta":{"desktop":{"background-color":"var(--ast-global-color-5)","background-image":"","background-repeat":"repeat","background-position":"center center","background-size":"auto","background-attachment":"scroll","background-type":"","background-media":"","overlay-type":"","overlay-color":"","overlay-opacity":"","overlay-gradient":""},"tablet":{"background-color":"var(--ast-global-color-5)","background-image":"","background-repeat":"repeat","background-position":"center center","background-size":"auto","background-attachment":"scroll","background-type":"","background-media":"","overlay-type":"","overlay-color":"","overlay-opacity":"","overlay-gradient":""},"mobile":{"background-color":"var(--ast-global-color-5)","background-image":"","background-repeat":"repeat","background-position":"center center","background-size":"auto","background-attachment":"scroll","background-type":"","background-media":"","overlay-type":"","overlay-color":"","overlay-opacity":"","overlay-gradient":""}},"footnotes":""},"class_list":["post-323","page","type-page","status-publish","hentry"],"_links":{"self":[{"href":"https:\/\/someenera-assat.fi\/index.php?rest_route=\/wp\/v2\/pages\/323","targetHints":{"allow":["GET"]}}],"collection":[{"href":"https:\/\/someenera-assat.fi\/index.php?rest_route=\/wp\/v2\/pages"}],"about":[{"href":"https:\/\/someenera-assat.fi\/index.php?rest_route=\/wp\/v2\/types\/page"}],"author":[{"embeddable":true,"href":"https:\/\/someenera-assat.fi\/index.php?rest_route=\/wp\/v2\/users\/1"}],"replies":[{"embeddable":true,"href":"https:\/\/someenera-assat.fi\/index.php?rest_route=%2Fwp%2Fv2%2Fcomments&post=323"}],"version-history":[{"count":7,"href":"https:\/\/someenera-assat.fi\/index.php?rest_route=\/wp\/v2\/pages\/323\/revisions"}],"predecessor-version":[{"id":445,"href":"https:\/\/someenera-assat.fi\/index.php?rest_route=\/wp\/v2\/pages\/323\/revisions\/445"}],"wp:attachment":[{"href":"https:\/\/someenera-assat.fi\/index.php?rest_route=%2Fwp%2Fv2%2Fmedia&parent=323"}],"curies":[{"name":"wp","href":"https:\/\/api.w.org\/{rel}","templated":true}]}}