{"id":826,"date":"2023-03-30T17:32:18","date_gmt":"2023-03-30T14:32:18","guid":{"rendered":"https:\/\/someenera-assat.fi\/?page_id=826"},"modified":"2023-12-02T15:49:45","modified_gmt":"2023-12-02T13:49:45","slug":"24-11-2023-astuvan-ukon-ukon-kv-linnunhaukkukoe","status":"publish","type":"page","link":"https:\/\/someenera-assat.fi\/?page_id=826","title":{"rendered":"24.11.2023 ASTUVAN UKON KV-LINNUNHAUKKUKOE"},"content":{"rendered":"<table id=\"vastaustable\" class=\"vastaustable table\" border=\"1\" width=\"100%\">\n<tbody id=\"lis\u00e4tiedot_0\" class=\"lisatiedottbody\">\n<tr>\n<td class=\"lisatietootsikko\">Tapahtuman tyyppi<\/td>\n<td class=\"lisatietoarvo\" colspan=\"2\">KV-koe<\/td>\n<\/tr>\n<tr>\n<td class=\"lisatietootsikko\">Tapahtuma<\/td>\n<td class=\"lisatietoarvo\" colspan=\"2\">KV-linnunhaukkukoe LINT<\/td>\n<\/tr>\n<tr>\n<td class=\"lisatietootsikko\">Koemuoto<\/td>\n<td class=\"lisatietoarvo\" colspan=\"2\">Linnunhaukkukoe<\/td>\n<\/tr>\n<tr>\n<td class=\"lisatietootsikko\">Aika<\/td>\n<td class=\"lisatietoarvo\" colspan=\"2\">24.11.2023<\/td>\n<\/tr>\n<tr>\n<td class=\"lisatietootsikko\">Paikka<\/td>\n<td class=\"lisatietoarvo\" colspan=\"2\">Mikkeli (Ristiina (Somee))<\/td>\n<\/tr>\n<tr>\n<td class=\"lisatietootsikko\">J\u00e4rjest\u00e4j\u00e4<\/td>\n<td class=\"lisatietoarvo\" colspan=\"2\">SUUR-SAVON PYSTYKORVAKERHO RY.<\/td>\n<\/tr>\n<tr>\n<td class=\"lisatietootsikko\">Ylituomari<\/td>\n<td class=\"lisatietoarvo\" colspan=\"2\">MARTTINEN KARI<\/td>\n<\/tr>\n<tr>\n<td class=\"lisatietootsikko\">Ilmoittautuminen<\/td>\n<td class=\"lisatietoarvo\" colspan=\"2\">1.10.-5.11.2023<br \/>\nOsanottomaksu 55\u20ac<br \/>\nTilinumero FI03 5383 0420 0834 59<\/td>\n<\/tr>\n<tr>\n<td class=\"lisatietootsikko\">Ilmoittautumisen vastaanottaja<\/td>\n<td class=\"lisatietoarvo\" colspan=\"2\">Kyll\u00f6nen Jukka<br \/>\njukka.kyllonen@gmail.com<br \/>\npuh. 0400-199478<\/td>\n<\/tr>\n<tr>\n<td class=\"lisatietootsikko\">Lis\u00e4tiedot<\/td>\n<td class=\"lisatietoarvo\" colspan=\"2\">Max 20 koiraa, Maastot<\/td>\n<\/tr>\n<\/tbody>\n<\/table>\n<p>Mikkeli 24.11.2023 ylituomari MARTTINEN KARI<\/p>\n<p>Erinomaisesti j\u00e4rjestetyt Astuvan Ukon haukut lumisateisessa s\u00e4\u00e4ss\u00e4, joka vaikutti suuresti tulostasoon. Monessa aiemmissa kokeissa hyviksi todetuissa maatoissa j\u00e4\u00e4tiin hakupisteille lintujen piilotellessa sadetta.<br \/>\nYlituomari esit\u00e4\u00e4 koiralle 49\/2 SAVIKKONIEMEN HIPPU om. Markku Kinnunen, Mikkeli 75 pistett\u00e4 CACIT.<br \/>\nKoe loppui 17:08.<\/p>\n<p>Metso:7 Koppelo:2 Teeri:13 Pyy:5 Riekko:0 Matka:52,4 Havainnot\/km:0,52 kpl\/km<\/p>\n<p>1. 49\/2 SAVIKKONIEMEN HIPPU om. Markku Kinnunen, Mikkeli 75,00<br \/>\n2. 49\/2 NEVIKSEN ALMA om. Vesa Lotti, Kouvola 66,00<br \/>\n3. 276\/1 KAIRANKURUN KUUNO om. Juha Nypel\u00f6, M\u00e4ntyharju 62,00<br \/>\n4. 276\/1 LUOTITIEN LURU om. Jari Murto, Juuka 53,00<br \/>\n5. 49\/1 R\u00d6NNINM\u00c4EN J\u00c4B\u00c4 om. Tomi P\u00f6yry, Hirvensalmi 48,00<br \/>\n6. 49\/2 MUSTANLAMMIN TAIKA om. Tanja Raivio, Puumala 47,00<br \/>\n7. 49\/1 MUSTANLAMMIN TEX WILLER om. Hannu Forss, Sulkava 10,00<br \/>\n8. 49\/2 MUSTANLAMMIN LP FRIDA om. Heikki Alatalo, Pyh\u00e4joki 9,00<br \/>\n10. 276\/2 VILLIVALON KIEHTOVA IITA om. Timo H\u00e4m\u00e4l\u00e4inen, Puumala 8,00<br \/>\n9. 49\/1 HOOKOON TICO om. Kari L\u00f6pp\u00f6nen, Mikkeli 8,00<br \/>\n11. 49\/1 MUSTANLAMMIN NITRO om. Pekka Suhonen, Mikkeli 2,00<\/p>\n<p>&nbsp;<\/p>\n<p>Tarkemmat tulokset alla olevasta linkist\u00e4:<\/p>\n<p><a href=\"https:\/\/koiratietokanta.fi\/lintukoetulokset\/Mikkeli_20231124.htm\">https:\/\/koiratietokanta.fi\/lintukoetulokset\/Mikkeli_20231124.htm<\/a><\/p>\n","protected":false},"excerpt":{"rendered":"<p>Tapahtuman tyyppi KV-koe Tapahtuma KV-linnunhaukkukoe LINT Koemuoto Linnunhaukkukoe Aika 24.11.2023 Paikka Mikkeli (Ristiina (Somee)) J\u00e4rjest\u00e4j\u00e4 SUUR-SAVON PYSTYKORVAKERHO RY. Ylituomari MARTTINEN KARI Ilmoittautuminen 1.10.-5.11.2023 Osanottomaksu 55\u20ac Tilinumero FI03 5383 0420 0834 59 Ilmoittautumisen vastaanottaja Kyll\u00f6nen Jukka jukka.kyllonen@gmail.com puh. 0400-199478 Lis\u00e4tiedot Max 20 koiraa, Maastot Mikkeli 24.11.2023 ylituomari MARTTINEN KARI Erinomaisesti j\u00e4rjestetyt Astuvan Ukon haukut lumisateisessa s\u00e4\u00e4ss\u00e4, [&hellip;]<\/p>\n","protected":false},"author":1,"featured_media":0,"parent":0,"menu_order":0,"comment_status":"closed","ping_status":"closed","template":"","meta":{"site-sidebar-layout":"default","site-content-layout":"default","ast-site-content-layout":"default","site-content-style":"default","site-sidebar-style":"default","ast-global-header-display":"","ast-banner-title-visibility":"","ast-main-header-display":"","ast-hfb-above-header-display":"","ast-hfb-below-header-display":"","ast-hfb-mobile-header-display":"","site-post-title":"","ast-breadcrumbs-content":"","ast-featured-img":"","footer-sml-layout":"","ast-disable-related-posts":"","theme-transparent-header-meta":"default","adv-header-id-meta":"","stick-header-meta":"","header-above-stick-meta":"","header-main-stick-meta":"","header-below-stick-meta":"","astra-migrate-meta-layouts":"set","ast-page-background-enabled":"default","ast-page-background-meta":{"desktop":{"background-color":"","background-image":"","background-repeat":"repeat","background-position":"center center","background-size":"auto","background-attachment":"scroll","background-type":"","background-media":"","overlay-type":"","overlay-color":"","overlay-opacity":"","overlay-gradient":""},"tablet":{"background-color":"","background-image":"","background-repeat":"repeat","background-position":"center center","background-size":"auto","background-attachment":"scroll","background-type":"","background-media":"","overlay-type":"","overlay-color":"","overlay-opacity":"","overlay-gradient":""},"mobile":{"background-color":"","background-image":"","background-repeat":"repeat","background-position":"center center","background-size":"auto","background-attachment":"scroll","background-type":"","background-media":"","overlay-type":"","overlay-color":"","overlay-opacity":"","overlay-gradient":""}},"ast-content-background-meta":{"desktop":{"background-color":"var(--ast-global-color-5)","background-image":"","background-repeat":"repeat","background-position":"center center","background-size":"auto","background-attachment":"scroll","background-type":"","background-media":"","overlay-type":"","overlay-color":"","overlay-opacity":"","overlay-gradient":""},"tablet":{"background-color":"var(--ast-global-color-5)","background-image":"","background-repeat":"repeat","background-position":"center center","background-size":"auto","background-attachment":"scroll","background-type":"","background-media":"","overlay-type":"","overlay-color":"","overlay-opacity":"","overlay-gradient":""},"mobile":{"background-color":"var(--ast-global-color-5)","background-image":"","background-repeat":"repeat","background-position":"center center","background-size":"auto","background-attachment":"scroll","background-type":"","background-media":"","overlay-type":"","overlay-color":"","overlay-opacity":"","overlay-gradient":""}},"footnotes":""},"class_list":["post-826","page","type-page","status-publish","hentry"],"_links":{"self":[{"href":"https:\/\/someenera-assat.fi\/index.php?rest_route=\/wp\/v2\/pages\/826","targetHints":{"allow":["GET"]}}],"collection":[{"href":"https:\/\/someenera-assat.fi\/index.php?rest_route=\/wp\/v2\/pages"}],"about":[{"href":"https:\/\/someenera-assat.fi\/index.php?rest_route=\/wp\/v2\/types\/page"}],"author":[{"embeddable":true,"href":"https:\/\/someenera-assat.fi\/index.php?rest_route=\/wp\/v2\/users\/1"}],"replies":[{"embeddable":true,"href":"https:\/\/someenera-assat.fi\/index.php?rest_route=%2Fwp%2Fv2%2Fcomments&post=826"}],"version-history":[{"count":3,"href":"https:\/\/someenera-assat.fi\/index.php?rest_route=\/wp\/v2\/pages\/826\/revisions"}],"predecessor-version":[{"id":878,"href":"https:\/\/someenera-assat.fi\/index.php?rest_route=\/wp\/v2\/pages\/826\/revisions\/878"}],"wp:attachment":[{"href":"https:\/\/someenera-assat.fi\/index.php?rest_route=%2Fwp%2Fv2%2Fmedia&parent=826"}],"curies":[{"name":"wp","href":"https:\/\/api.w.org\/{rel}","templated":true}]}}