{"id":834,"date":"2023-03-30T18:44:31","date_gmt":"2023-03-30T15:44:31","guid":{"rendered":"https:\/\/someenera-assat.fi\/?page_id=834"},"modified":"2023-03-30T18:44:31","modified_gmt":"2023-03-30T15:44:31","slug":"18-8-2023-ryhmanayttely","status":"publish","type":"page","link":"https:\/\/someenera-assat.fi\/?page_id=834","title":{"rendered":"18.8.2023 RYHM\u00c4N\u00c4YTTELY"},"content":{"rendered":"<p>18.8.2023 RYHM\u00c4N\u00c4YTTELY<\/p>\n<p>N\u00e4yttelytyyppi Ryhm\u00e4n\u00e4yttely<br \/>\nN\u00e4yttely\u00a0 \u00a0 \u00a0 \u00a0 \u00a0 \u00a0 Mikkeli FCI2, 4, 5, 6<br \/>\nAika\u00a0 \u00a0 \u00a0 \u00a0 \u00a0 \u00a0 \u00a0 \u00a0 \u00a0 \u00a019.8.2023<br \/>\nPaikka\u00a0 \u00a0 \u00a0 \u00a0 \u00a0 \u00a0 \u00a0 \u00a0Mikkeli (Ristiinan urheilukentt\u00e4)<br \/>\nRoturyhm\u00e4t\u00a0 \u00a0 \u00a02, 4, 5, 6<br \/>\nJ\u00e4rjest\u00e4j\u00e4\u00a0 \u00a0 \u00a0 \u00a0 \u00a0RISTIINAN KOIRAKERHO RY, SUUR-SAVON BEAGLE RY, SOMEEN ER\u00c4-\u00c4SS\u00c4T RY<br \/>\nIlmoittautumisajat 24.7.2023<\/p>\n","protected":false},"excerpt":{"rendered":"<p>18.8.2023 RYHM\u00c4N\u00c4YTTELY N\u00e4yttelytyyppi Ryhm\u00e4n\u00e4yttely N\u00e4yttely\u00a0 \u00a0 \u00a0 \u00a0 \u00a0 \u00a0 Mikkeli FCI2, 4, 5, 6 Aika\u00a0 \u00a0 \u00a0 \u00a0 \u00a0 \u00a0 \u00a0 \u00a0 \u00a0 \u00a019.8.2023 Paikka\u00a0 \u00a0 \u00a0 \u00a0 \u00a0 \u00a0 \u00a0 \u00a0Mikkeli (Ristiinan urheilukentt\u00e4) Roturyhm\u00e4t\u00a0 \u00a0 \u00a02, 4, 5, 6 J\u00e4rjest\u00e4j\u00e4\u00a0 \u00a0 \u00a0 \u00a0 \u00a0RISTIINAN KOIRAKERHO RY, SUUR-SAVON BEAGLE RY, SOMEEN ER\u00c4-\u00c4SS\u00c4T RY Ilmoittautumisajat [&hellip;]<\/p>\n","protected":false},"author":1,"featured_media":0,"parent":0,"menu_order":0,"comment_status":"closed","ping_status":"closed","template":"","meta":{"site-sidebar-layout":"default","site-content-layout":"default","ast-site-content-layout":"default","site-content-style":"default","site-sidebar-style":"default","ast-global-header-display":"","ast-banner-title-visibility":"","ast-main-header-display":"","ast-hfb-above-header-display":"","ast-hfb-below-header-display":"","ast-hfb-mobile-header-display":"","site-post-title":"","ast-breadcrumbs-content":"","ast-featured-img":"","footer-sml-layout":"","ast-disable-related-posts":"","theme-transparent-header-meta":"default","adv-header-id-meta":"","stick-header-meta":"","header-above-stick-meta":"","header-main-stick-meta":"","header-below-stick-meta":"","astra-migrate-meta-layouts":"default","ast-page-background-enabled":"default","ast-page-background-meta":{"desktop":{"background-color":"","background-image":"","background-repeat":"repeat","background-position":"center center","background-size":"auto","background-attachment":"scroll","background-type":"","background-media":"","overlay-type":"","overlay-color":"","overlay-opacity":"","overlay-gradient":""},"tablet":{"background-color":"","background-image":"","background-repeat":"repeat","background-position":"center center","background-size":"auto","background-attachment":"scroll","background-type":"","background-media":"","overlay-type":"","overlay-color":"","overlay-opacity":"","overlay-gradient":""},"mobile":{"background-color":"","background-image":"","background-repeat":"repeat","background-position":"center center","background-size":"auto","background-attachment":"scroll","background-type":"","background-media":"","overlay-type":"","overlay-color":"","overlay-opacity":"","overlay-gradient":""}},"ast-content-background-meta":{"desktop":{"background-color":"var(--ast-global-color-5)","background-image":"","background-repeat":"repeat","background-position":"center center","background-size":"auto","background-attachment":"scroll","background-type":"","background-media":"","overlay-type":"","overlay-color":"","overlay-opacity":"","overlay-gradient":""},"tablet":{"background-color":"var(--ast-global-color-5)","background-image":"","background-repeat":"repeat","background-position":"center center","background-size":"auto","background-attachment":"scroll","background-type":"","background-media":"","overlay-type":"","overlay-color":"","overlay-opacity":"","overlay-gradient":""},"mobile":{"background-color":"var(--ast-global-color-5)","background-image":"","background-repeat":"repeat","background-position":"center center","background-size":"auto","background-attachment":"scroll","background-type":"","background-media":"","overlay-type":"","overlay-color":"","overlay-opacity":"","overlay-gradient":""}},"footnotes":""},"class_list":["post-834","page","type-page","status-publish","hentry"],"_links":{"self":[{"href":"https:\/\/someenera-assat.fi\/index.php?rest_route=\/wp\/v2\/pages\/834","targetHints":{"allow":["GET"]}}],"collection":[{"href":"https:\/\/someenera-assat.fi\/index.php?rest_route=\/wp\/v2\/pages"}],"about":[{"href":"https:\/\/someenera-assat.fi\/index.php?rest_route=\/wp\/v2\/types\/page"}],"author":[{"embeddable":true,"href":"https:\/\/someenera-assat.fi\/index.php?rest_route=\/wp\/v2\/users\/1"}],"replies":[{"embeddable":true,"href":"https:\/\/someenera-assat.fi\/index.php?rest_route=%2Fwp%2Fv2%2Fcomments&post=834"}],"version-history":[{"count":1,"href":"https:\/\/someenera-assat.fi\/index.php?rest_route=\/wp\/v2\/pages\/834\/revisions"}],"predecessor-version":[{"id":835,"href":"https:\/\/someenera-assat.fi\/index.php?rest_route=\/wp\/v2\/pages\/834\/revisions\/835"}],"wp:attachment":[{"href":"https:\/\/someenera-assat.fi\/index.php?rest_route=%2Fwp%2Fv2%2Fmedia&parent=834"}],"curies":[{"name":"wp","href":"https:\/\/api.w.org\/{rel}","templated":true}]}}