{"id":840,"date":"2023-03-30T18:52:55","date_gmt":"2023-03-30T15:52:55","guid":{"rendered":"https:\/\/someenera-assat.fi\/?page_id=840"},"modified":"2023-09-23T17:44:54","modified_gmt":"2023-09-23T14:44:54","slug":"23-9-2023-pm-karsinta-ajokoe","status":"publish","type":"page","link":"https:\/\/someenera-assat.fi\/?page_id=840","title":{"rendered":"23.9.2023 PM-KARSINTA AJOKOE"},"content":{"rendered":"<table id=\"vastaustable\" class=\"vastaustable table\" border=\"1\" width=\"100%\">\n<tbody id=\"lis\u00e4tiedot_5\" class=\"lisatiedottbody\">\n<tr>\n<td class=\"lisatietootsikko\">Tapahtuman tyyppi<\/td>\n<td class=\"lisatietoarvo\" colspan=\"2\">yleinen<\/td>\n<\/tr>\n<tr>\n<td class=\"lisatietootsikko\">Koemuoto<\/td>\n<td class=\"lisatietoarvo\" colspan=\"2\">Ajokoe<\/td>\n<\/tr>\n<tr>\n<td class=\"lisatietootsikko\">Aika<\/td>\n<td class=\"lisatietoarvo\" colspan=\"2\">23.9.2023<\/td>\n<\/tr>\n<tr>\n<td class=\"lisatietootsikko\">Paikka<\/td>\n<td class=\"lisatietoarvo\" colspan=\"2\">Mikkeli (Nallikallio, Koirasalmentie 77B, Ristiina)<\/td>\n<\/tr>\n<tr>\n<td class=\"lisatietootsikko\">J\u00e4rjest\u00e4j\u00e4<\/td>\n<td class=\"lisatietoarvo\" colspan=\"2\">SOMEEN ER\u00c4-\u00c4SS\u00c4T RY<\/td>\n<\/tr>\n<tr>\n<td class=\"lisatietootsikko\">Ylituomari<\/td>\n<td class=\"lisatietoarvo\" colspan=\"2\">JALKANEN SAMULI<\/td>\n<\/tr>\n<tr>\n<td class=\"lisatietootsikko\">Ilmoittautuminen<\/td>\n<td class=\"lisatietoarvo\" colspan=\"2\">1.-16.9.2023<br \/>\nOsanottomaksu 40\u20ac<br \/>\nTilinumero FI88 5271 5240 0010 24<\/td>\n<\/tr>\n<tr>\n<td class=\"lisatietootsikko\">Ilmoittautumisen vastaanottaja<\/td>\n<td class=\"lisatietoarvo\" colspan=\"2\">HAAPIAINEN KARI<br \/>\npuh. 0400 153918&nbsp;<\/p>\n<p>&nbsp;<\/td>\n<\/tr>\n<\/tbody>\n<\/table>\n<p>Mikkeli 23.09.2023 ylituomari JALKANEN SAMULI<\/p>\n<p>Suur-Savon kennelpiirin aluekarsinta, Mikkelin lohko.<br \/>\nKokeeseen ilmottautui alunperin 11 koiraa.<br \/>\n3 koiraa perui osallistumisen aikaisemmin viikolla koiran loukkaantumiseen<br \/>\nvedoten. 1 koira j\u00e4i pois koep\u00e4iv\u00e4n aamuna, koiran omistaja ei l\u00f6yt\u00e4nyt koiran papereita joten koiran osallistumisoikeutta ei voitu todentaa.<br \/>\nArvonnassa mukana 7 koiraa. Seurasin maastossa kolmen koiran ty\u00f6skentely\u00e4(Saamarin Miina-Ansa, Rauhasalmen Lempi, Omun Vares). Kokeen tulostaso j\u00e4i heikoksi vaikeista olosuhteista johtuen. Lohkosta jatkaa viisi (5) parasta koiraa kennelpiirin mestaruuskokeeseen.<\/p>\n<p>1. 51\/1 RUSKAMETS\u00c4N WILJAM om. Matti Nyk\u00e4nen, Mikkeli 47,88<br \/>\n2. 51\/2 RIIHEN PIRRE om. Ari Sepp\u00e4l\u00e4, Mikkeli 43,25<br \/>\n3. 51\/2 SAAMARIN MIINA-ANSA om. Joonas Rinne, Johanna Lehtinen ja Heikki Kosonen, Mikkeli 27,63<br \/>\n4. 51\/2 RAUHASALMEN NASTA om. Manu ja Kalle Korhola, Mikkeli 26,29<br \/>\n5. 51\/2 TAIKAVUOREN MINTTU om. Raimo Pekurinen, Mikkeli 18,17<br \/>\n6. 51\/1 OMUN VARES om. Tenho Pulkkinen, Mikkeli 3,00<br \/>\n0. 51\/2 RAUHASALMEN LEMPI om. Sami Liikanen ja Auli Haapiainen-Liikanen, Mikkeli 0,00<\/p>\n<p>&nbsp;<\/p>\n<p>Tulokset allapuolen linkist\u00e4:<\/p>\n<p><a href=\"https:\/\/koiratietokanta.fi\/ajokoetulokset\/Mikkeli_20230923.htm\">https:\/\/koiratietokanta.fi\/ajokoetulokset\/Mikkeli_20230923.htm<\/a><\/p>\n","protected":false},"excerpt":{"rendered":"<p>Tapahtuman tyyppi yleinen Koemuoto Ajokoe Aika 23.9.2023 Paikka Mikkeli (Nallikallio, Koirasalmentie 77B, Ristiina) J\u00e4rjest\u00e4j\u00e4 SOMEEN ER\u00c4-\u00c4SS\u00c4T RY Ylituomari JALKANEN SAMULI Ilmoittautuminen 1.-16.9.2023 Osanottomaksu 40\u20ac Tilinumero FI88 5271 5240 0010 24 Ilmoittautumisen vastaanottaja HAAPIAINEN KARI puh. 0400 153918&nbsp; &nbsp; Mikkeli 23.09.2023 ylituomari JALKANEN SAMULI Suur-Savon kennelpiirin aluekarsinta, Mikkelin lohko. Kokeeseen ilmottautui alunperin 11 koiraa. 3 koiraa [&hellip;]<\/p>\n","protected":false},"author":1,"featured_media":0,"parent":0,"menu_order":0,"comment_status":"closed","ping_status":"closed","template":"","meta":{"site-sidebar-layout":"default","site-content-layout":"default","ast-site-content-layout":"default","site-content-style":"default","site-sidebar-style":"default","ast-global-header-display":"","ast-banner-title-visibility":"","ast-main-header-display":"","ast-hfb-above-header-display":"","ast-hfb-below-header-display":"","ast-hfb-mobile-header-display":"","site-post-title":"","ast-breadcrumbs-content":"","ast-featured-img":"","footer-sml-layout":"","ast-disable-related-posts":"","theme-transparent-header-meta":"default","adv-header-id-meta":"","stick-header-meta":"","header-above-stick-meta":"","header-main-stick-meta":"","header-below-stick-meta":"","astra-migrate-meta-layouts":"default","ast-page-background-enabled":"default","ast-page-background-meta":{"desktop":{"background-color":"","background-image":"","background-repeat":"repeat","background-position":"center center","background-size":"auto","background-attachment":"scroll","background-type":"","background-media":"","overlay-type":"","overlay-color":"","overlay-opacity":"","overlay-gradient":""},"tablet":{"background-color":"","background-image":"","background-repeat":"repeat","background-position":"center center","background-size":"auto","background-attachment":"scroll","background-type":"","background-media":"","overlay-type":"","overlay-color":"","overlay-opacity":"","overlay-gradient":""},"mobile":{"background-color":"","background-image":"","background-repeat":"repeat","background-position":"center center","background-size":"auto","background-attachment":"scroll","background-type":"","background-media":"","overlay-type":"","overlay-color":"","overlay-opacity":"","overlay-gradient":""}},"ast-content-background-meta":{"desktop":{"background-color":"var(--ast-global-color-5)","background-image":"","background-repeat":"repeat","background-position":"center center","background-size":"auto","background-attachment":"scroll","background-type":"","background-media":"","overlay-type":"","overlay-color":"","overlay-opacity":"","overlay-gradient":""},"tablet":{"background-color":"var(--ast-global-color-5)","background-image":"","background-repeat":"repeat","background-position":"center center","background-size":"auto","background-attachment":"scroll","background-type":"","background-media":"","overlay-type":"","overlay-color":"","overlay-opacity":"","overlay-gradient":""},"mobile":{"background-color":"var(--ast-global-color-5)","background-image":"","background-repeat":"repeat","background-position":"center center","background-size":"auto","background-attachment":"scroll","background-type":"","background-media":"","overlay-type":"","overlay-color":"","overlay-opacity":"","overlay-gradient":""}},"footnotes":""},"class_list":["post-840","page","type-page","status-publish","hentry"],"_links":{"self":[{"href":"https:\/\/someenera-assat.fi\/index.php?rest_route=\/wp\/v2\/pages\/840","targetHints":{"allow":["GET"]}}],"collection":[{"href":"https:\/\/someenera-assat.fi\/index.php?rest_route=\/wp\/v2\/pages"}],"about":[{"href":"https:\/\/someenera-assat.fi\/index.php?rest_route=\/wp\/v2\/types\/page"}],"author":[{"embeddable":true,"href":"https:\/\/someenera-assat.fi\/index.php?rest_route=\/wp\/v2\/users\/1"}],"replies":[{"embeddable":true,"href":"https:\/\/someenera-assat.fi\/index.php?rest_route=%2Fwp%2Fv2%2Fcomments&post=840"}],"version-history":[{"count":4,"href":"https:\/\/someenera-assat.fi\/index.php?rest_route=\/wp\/v2\/pages\/840\/revisions"}],"predecessor-version":[{"id":873,"href":"https:\/\/someenera-assat.fi\/index.php?rest_route=\/wp\/v2\/pages\/840\/revisions\/873"}],"wp:attachment":[{"href":"https:\/\/someenera-assat.fi\/index.php?rest_route=%2Fwp%2Fv2%2Fmedia&parent=840"}],"curies":[{"name":"wp","href":"https:\/\/api.w.org\/{rel}","templated":true}]}}