{"id":844,"date":"2023-03-30T18:55:51","date_gmt":"2023-03-30T15:55:51","guid":{"rendered":"https:\/\/someenera-assat.fi\/?page_id=844"},"modified":"2023-12-02T15:55:58","modified_gmt":"2023-12-02T13:55:58","slug":"28-11-2023-etewla-savon-hirvimestaruuskoe","status":"publish","type":"page","link":"https:\/\/someenera-assat.fi\/?page_id=844","title":{"rendered":"28.11.2023 ETEL\u00c4-SAVON HIRVIMESTARUUSKOE"},"content":{"rendered":"<table id=\"vastaustable\" class=\"vastaustable table\" border=\"1\" width=\"100%\">\n<tbody id=\"lis\u00e4tiedot_27\" class=\"lisatiedottbody\">\n<tr>\n<td class=\"lisatietootsikko\">Tapahtuman tyyppi<\/td>\n<td class=\"lisatietoarvo\" colspan=\"2\">yleinen<\/td>\n<\/tr>\n<tr>\n<td class=\"lisatietootsikko\">Koemuoto<\/td>\n<td class=\"lisatietoarvo\" colspan=\"2\">Hirvenhaukkukoe<\/td>\n<\/tr>\n<tr>\n<td class=\"lisatietootsikko\">Aika<\/td>\n<td class=\"lisatietoarvo\" colspan=\"2\">28.11.2023<\/td>\n<\/tr>\n<tr>\n<td class=\"lisatietootsikko\">Paikka<\/td>\n<td class=\"lisatietoarvo\" colspan=\"2\">Mikkeli (Nallikallio, Koirasalmentie 77B, Ristiina)<\/td>\n<\/tr>\n<tr>\n<td class=\"lisatietootsikko\">J\u00e4rjest\u00e4j\u00e4<\/td>\n<td class=\"lisatietoarvo\" colspan=\"2\">SOMEEN ER\u00c4-\u00c4SS\u00c4T RY<\/td>\n<\/tr>\n<tr>\n<td class=\"lisatietootsikko\">Ylituomari<\/td>\n<td class=\"lisatietoarvo\" colspan=\"2\">LAASONEN SIMO<\/td>\n<\/tr>\n<tr>\n<td class=\"lisatietootsikko\">Rajoituksen perusteet<\/td>\n<td class=\"lisatietoarvo\" colspan=\"2\">Muu m\u00e4\u00e4r\u00e4\u00e4 koskeva rajoitus \u2013 vain m\u00e4\u00e4r\u00e4tyn tuloksen saavuttaneet koirat: Etel\u00e4-Savon Hirvimestaruus<\/td>\n<\/tr>\n<tr>\n<td class=\"lisatietootsikko\">Ilmoittautuminen<\/td>\n<td class=\"lisatietoarvo\" colspan=\"2\">1.-20.11.2023<br \/>\nOsanottomaksu 70\u20ac<br \/>\nTilinumero FI88 5271 5240 0010 24<\/td>\n<\/tr>\n<tr>\n<td class=\"lisatietootsikko\">Ilmoittautumisen vastaanottaja<\/td>\n<td class=\"lisatietoarvo\" colspan=\"2\">HAAPIAINEN KARI<br \/>\npuh. 0400 153918<\/td>\n<\/tr>\n<\/tbody>\n<\/table>\n<p>Mikkeli 28.11.2023 ylituomari LAASONEN SIMO<\/p>\n<p>Koe p\u00e4\u00e4tettiin klo 19,30<\/p>\n<p>1. 42\/2 ELIMON SALON NILA om. Hannu Taavitsainen, Pieks\u00e4m\u00e4ki 94,00<br \/>\n2. 242\/1 ROUSTALHEEN AILU om. Heidi Alisalo-Liukkonen, Hirvensalmi 88,00<br \/>\n3. 42\/1 KARHUNKER\u00c4\u00c4J\u00c4N KASPER TURO om. Kari Haapiainen, Mikkeli 87,00<br \/>\n4. 42\/1 METUSALEMS NITRO om. Heikki Arpiainen, Mikkeli 84,00<br \/>\n5. 42\/1 RINTI om. Reijo Onikki, Varkaus 84,00<br \/>\n6. 42\/2 MUSTIKKAHARJUN KAISU om. Tuomo Kaihola, Kangasniemi 78,50<br \/>\n7. 242\/2 HIRVIVUOREN FREYA om. Jorma Saarinen, Mikkeli 70,00<br \/>\n8. 42\/2 MUSTIKKAHARJUN ALMA om. Iida ja Pasi Himanen, Mikkeli 34,00<br \/>\n9. 42\/1 MUSTIKKAHARJUN KIMI om. Kari H\u00e4nninen, Juva 33,00<br \/>\n10. 42\/2 HALTI om. Erik Pesonen, Juva 29,00<br \/>\n11. 49\/1 MUSTANLAMMIN LUOTI om. Hannu Forss, Puumala 28,50<br \/>\n12. 42\/1 MUSTIKKAHARJUN NEMO om. Jukka Halttunen, Kangasniemi 24,00<br \/>\n13. 42\/2 VITASSALON ALFA om. Hannu Rahikainen, Mikkeli 14,00<br \/>\n14. 48\/2 KUARTLAMMIN NEVA om. Pauli Kaipainen, Mikkeli 14,00<br \/>\n15. 42\/2 HANGASSUON HIPSU om. Mikko Holappa, Mikkeli 12,50<\/p>\n<p>&nbsp;<\/p>\n<p>Tarkemmat tulokset alla olevasta linkist\u00e4:<\/p>\n<p><a href=\"https:\/\/koiratietokanta.fi\/hirvikoetulokset\/Mikkeli_20231128.htm\">https:\/\/koiratietokanta.fi\/hirvikoetulokset\/Mikkeli_20231128.htm<\/a><\/p>\n","protected":false},"excerpt":{"rendered":"<p>Tapahtuman tyyppi yleinen Koemuoto Hirvenhaukkukoe Aika 28.11.2023 Paikka Mikkeli (Nallikallio, Koirasalmentie 77B, Ristiina) J\u00e4rjest\u00e4j\u00e4 SOMEEN ER\u00c4-\u00c4SS\u00c4T RY Ylituomari LAASONEN SIMO Rajoituksen perusteet Muu m\u00e4\u00e4r\u00e4\u00e4 koskeva rajoitus \u2013 vain m\u00e4\u00e4r\u00e4tyn tuloksen saavuttaneet koirat: Etel\u00e4-Savon Hirvimestaruus Ilmoittautuminen 1.-20.11.2023 Osanottomaksu 70\u20ac Tilinumero FI88 5271 5240 0010 24 Ilmoittautumisen vastaanottaja HAAPIAINEN KARI puh. 0400 153918 Mikkeli 28.11.2023 ylituomari LAASONEN [&hellip;]<\/p>\n","protected":false},"author":1,"featured_media":0,"parent":0,"menu_order":0,"comment_status":"closed","ping_status":"closed","template":"","meta":{"site-sidebar-layout":"default","site-content-layout":"default","ast-site-content-layout":"default","site-content-style":"default","site-sidebar-style":"default","ast-global-header-display":"","ast-banner-title-visibility":"","ast-main-header-display":"","ast-hfb-above-header-display":"","ast-hfb-below-header-display":"","ast-hfb-mobile-header-display":"","site-post-title":"","ast-breadcrumbs-content":"","ast-featured-img":"","footer-sml-layout":"","ast-disable-related-posts":"","theme-transparent-header-meta":"default","adv-header-id-meta":"","stick-header-meta":"","header-above-stick-meta":"","header-main-stick-meta":"","header-below-stick-meta":"","astra-migrate-meta-layouts":"set","ast-page-background-enabled":"default","ast-page-background-meta":{"desktop":{"background-color":"","background-image":"","background-repeat":"repeat","background-position":"center center","background-size":"auto","background-attachment":"scroll","background-type":"","background-media":"","overlay-type":"","overlay-color":"","overlay-opacity":"","overlay-gradient":""},"tablet":{"background-color":"","background-image":"","background-repeat":"repeat","background-position":"center center","background-size":"auto","background-attachment":"scroll","background-type":"","background-media":"","overlay-type":"","overlay-color":"","overlay-opacity":"","overlay-gradient":""},"mobile":{"background-color":"","background-image":"","background-repeat":"repeat","background-position":"center center","background-size":"auto","background-attachment":"scroll","background-type":"","background-media":"","overlay-type":"","overlay-color":"","overlay-opacity":"","overlay-gradient":""}},"ast-content-background-meta":{"desktop":{"background-color":"var(--ast-global-color-5)","background-image":"","background-repeat":"repeat","background-position":"center center","background-size":"auto","background-attachment":"scroll","background-type":"","background-media":"","overlay-type":"","overlay-color":"","overlay-opacity":"","overlay-gradient":""},"tablet":{"background-color":"var(--ast-global-color-5)","background-image":"","background-repeat":"repeat","background-position":"center center","background-size":"auto","background-attachment":"scroll","background-type":"","background-media":"","overlay-type":"","overlay-color":"","overlay-opacity":"","overlay-gradient":""},"mobile":{"background-color":"var(--ast-global-color-5)","background-image":"","background-repeat":"repeat","background-position":"center center","background-size":"auto","background-attachment":"scroll","background-type":"","background-media":"","overlay-type":"","overlay-color":"","overlay-opacity":"","overlay-gradient":""}},"footnotes":""},"class_list":["post-844","page","type-page","status-publish","hentry"],"_links":{"self":[{"href":"https:\/\/someenera-assat.fi\/index.php?rest_route=\/wp\/v2\/pages\/844","targetHints":{"allow":["GET"]}}],"collection":[{"href":"https:\/\/someenera-assat.fi\/index.php?rest_route=\/wp\/v2\/pages"}],"about":[{"href":"https:\/\/someenera-assat.fi\/index.php?rest_route=\/wp\/v2\/types\/page"}],"author":[{"embeddable":true,"href":"https:\/\/someenera-assat.fi\/index.php?rest_route=\/wp\/v2\/users\/1"}],"replies":[{"embeddable":true,"href":"https:\/\/someenera-assat.fi\/index.php?rest_route=%2Fwp%2Fv2%2Fcomments&post=844"}],"version-history":[{"count":5,"href":"https:\/\/someenera-assat.fi\/index.php?rest_route=\/wp\/v2\/pages\/844\/revisions"}],"predecessor-version":[{"id":880,"href":"https:\/\/someenera-assat.fi\/index.php?rest_route=\/wp\/v2\/pages\/844\/revisions\/880"}],"wp:attachment":[{"href":"https:\/\/someenera-assat.fi\/index.php?rest_route=%2Fwp%2Fv2%2Fmedia&parent=844"}],"curies":[{"name":"wp","href":"https:\/\/api.w.org\/{rel}","templated":true}]}}