{"id":92,"date":"2019-03-05T20:10:39","date_gmt":"2019-03-05T18:10:39","guid":{"rendered":"https:\/\/someenera-assat.fi\/?page_id=92"},"modified":"2026-04-11T18:14:56","modified_gmt":"2026-04-11T15:14:56","slug":"yhteystiedot","status":"publish","type":"page","link":"https:\/\/someenera-assat.fi\/?page_id=92","title":{"rendered":"YHTEYSTIEDOT"},"content":{"rendered":"\r\n<p>HALLITUS:<\/p>\r\n<p>Puheenjohtaja: Antti Heinikainen, p: 050 432 1859, antti.heinikainen@gmail.com<\/p>\r\n<p>Jaakko Syrj\u00e4l\u00e4inen (varapj), Juho Halinen (j\u00e4sen), Juha Heinikainen (j\u00e4sen), Risto Hirvonen (j\u00e4sen),<\/p>\r\n<p>Ville Leinonen (j\u00e4sen), Pasi Toivanen (j\u00e4sen)<\/p>\r\n<p>Sihteeri ja rahaston hoitaja: Ilpo Marttinen p: 050 300 1569, <a href=\"mailto:sihteeri@someenera-assat.fi\">sihteeri@someenera-assat.fi<\/a><\/p>\r\n<p>MUUT:<\/p>\r\n<p>Hirvenmets\u00e4styksen yhteyshenkil\u00f6: Risto Hirvonen, p: 0500 152 427, <a href=\"mailto:ristohirvo@gmail.com\">ristohirvo@gmail.com<\/a><\/p>\r\n<p>Karhunmets\u00e4styksen yhteyshenkil\u00f6: Ilpo Marttinen p: 050 300 1569, <a href=\"mailto:sihteeri@someenera-assat.fi\">sihteeri@someenera-assat.fi<\/a><\/p>\r\n<p>Majan vuokraus: Jere Leinonen, 045 650 5890, <a href=\"mailto:jejuleinonen@gmail.com\">jejuleinonen@gmail.com<\/a><\/p>\r\n<p>Kiinteist\u00f6huoltaja: Jukka Tukiainen p: 0440 414243,\u00a0 <a href=\"mailto:talonmies@someenera-assat.fi\">talonmies@someenera-assat.fi<\/a><\/p>\r\n<p>Y-tunnus 0640752-2<\/p>\r\n<p>&nbsp;<\/p>\r\n<p><strong>Yhteydenottolomake<\/strong><\/p>\r\n<p>T\u00e4ll\u00e4 lomakkeella voitte ottaa yhteytt\u00e4 Someen Er\u00e4-\u00c4ss\u00e4t Ry:n kaikissa asioissa.<\/p>\r\n\n<div class=\"wpcf7 no-js\" id=\"wpcf7-f282-o1\" lang=\"fi\" dir=\"ltr\" data-wpcf7-id=\"282\">\n<div class=\"screen-reader-response\"><p role=\"status\" aria-live=\"polite\" aria-atomic=\"true\"><\/p> <ul><\/ul><\/div>\n<form action=\"\/index.php?rest_route=%2Fwp%2Fv2%2Fpages%2F92#wpcf7-f282-o1\" method=\"post\" class=\"wpcf7-form init\" aria-label=\"Yhteydenottolomake\" novalidate=\"novalidate\" data-status=\"init\">\n<fieldset class=\"hidden-fields-container\"><input type=\"hidden\" name=\"_wpcf7\" value=\"282\" \/><input type=\"hidden\" name=\"_wpcf7_version\" value=\"6.1.5\" \/><input type=\"hidden\" name=\"_wpcf7_locale\" value=\"fi\" \/><input type=\"hidden\" name=\"_wpcf7_unit_tag\" value=\"wpcf7-f282-o1\" \/><input type=\"hidden\" name=\"_wpcf7_container_post\" value=\"0\" \/><input type=\"hidden\" name=\"_wpcf7_posted_data_hash\" value=\"\" \/>\n<\/fieldset>\n<p><label> Nimesi (pakollinen)<br \/>\n<span class=\"wpcf7-form-control-wrap\" data-name=\"your-name\"><input size=\"40\" maxlength=\"400\" class=\"wpcf7-form-control wpcf7-text wpcf7-validates-as-required\" aria-required=\"true\" aria-invalid=\"false\" value=\"\" type=\"text\" name=\"your-name\" \/><\/span> <\/label>\n<\/p>\n<p><label> S\u00e4hk\u00f6postisi (pakollinen)<br \/>\n<span class=\"wpcf7-form-control-wrap\" data-name=\"your-email\"><input size=\"40\" maxlength=\"400\" class=\"wpcf7-form-control wpcf7-email wpcf7-validates-as-required wpcf7-text wpcf7-validates-as-email\" aria-required=\"true\" aria-invalid=\"false\" value=\"\" type=\"email\" name=\"your-email\" \/><\/span> <\/label>\n<\/p>\n<p><label> Aihe<br \/>\n<span class=\"wpcf7-form-control-wrap\" data-name=\"your-subject\"><input size=\"40\" maxlength=\"400\" class=\"wpcf7-form-control wpcf7-text\" aria-invalid=\"false\" value=\"\" type=\"text\" name=\"your-subject\" \/><\/span> <\/label>\n<\/p>\n<p><label> Viesti<br \/>\n<span class=\"wpcf7-form-control-wrap\" data-name=\"your-message\"><textarea cols=\"40\" rows=\"10\" maxlength=\"2000\" class=\"wpcf7-form-control wpcf7-textarea\" aria-invalid=\"false\" name=\"your-message\"><\/textarea><\/span> <\/label>\n<\/p>\n<p><input class=\"wpcf7-form-control wpcf7-submit has-spinner\" type=\"submit\" value=\"L\u00e4het\u00e4\" \/>\n<\/p><div class=\"wpcf7-response-output\" aria-hidden=\"true\"><\/div>\n<\/form>\n<\/div>\n\r\n","protected":false},"excerpt":{"rendered":"<p>HALLITUS: Puheenjohtaja: Antti Heinikainen, p: 050 432 1859, antti.heinikainen@gmail.com Jaakko Syrj\u00e4l\u00e4inen (varapj), Juho Halinen (j\u00e4sen), Juha Heinikainen (j\u00e4sen), Risto Hirvonen (j\u00e4sen), Ville Leinonen (j\u00e4sen), Pasi Toivanen (j\u00e4sen) Sihteeri ja rahaston hoitaja: Ilpo Marttinen p: 050 300 1569, sihteeri@someenera-assat.fi MUUT: Hirvenmets\u00e4styksen yhteyshenkil\u00f6: Risto Hirvonen, p: 0500 152 427, ristohirvo@gmail.com Karhunmets\u00e4styksen yhteyshenkil\u00f6: Ilpo Marttinen p: 050 300 [&hellip;]<\/p>\n","protected":false},"author":1,"featured_media":0,"parent":0,"menu_order":0,"comment_status":"closed","ping_status":"closed","template":"","meta":{"site-sidebar-layout":"default","site-content-layout":"default","ast-site-content-layout":"default","site-content-style":"default","site-sidebar-style":"default","ast-global-header-display":"","ast-banner-title-visibility":"","ast-main-header-display":"","ast-hfb-above-header-display":"","ast-hfb-below-header-display":"","ast-hfb-mobile-header-display":"","site-post-title":"","ast-breadcrumbs-content":"","ast-featured-img":"","footer-sml-layout":"","ast-disable-related-posts":"","theme-transparent-header-meta":"default","adv-header-id-meta":"","stick-header-meta":"","header-above-stick-meta":"","header-main-stick-meta":"","header-below-stick-meta":"","astra-migrate-meta-layouts":"set","ast-page-background-enabled":"default","ast-page-background-meta":{"desktop":{"background-color":"","background-image":"","background-repeat":"repeat","background-position":"center center","background-size":"auto","background-attachment":"scroll","background-type":"","background-media":"","overlay-type":"","overlay-color":"","overlay-opacity":"","overlay-gradient":""},"tablet":{"background-color":"","background-image":"","background-repeat":"repeat","background-position":"center center","background-size":"auto","background-attachment":"scroll","background-type":"","background-media":"","overlay-type":"","overlay-color":"","overlay-opacity":"","overlay-gradient":""},"mobile":{"background-color":"","background-image":"","background-repeat":"repeat","background-position":"center center","background-size":"auto","background-attachment":"scroll","background-type":"","background-media":"","overlay-type":"","overlay-color":"","overlay-opacity":"","overlay-gradient":""}},"ast-content-background-meta":{"desktop":{"background-color":"var(--ast-global-color-5)","background-image":"","background-repeat":"repeat","background-position":"center center","background-size":"auto","background-attachment":"scroll","background-type":"","background-media":"","overlay-type":"","overlay-color":"","overlay-opacity":"","overlay-gradient":""},"tablet":{"background-color":"var(--ast-global-color-5)","background-image":"","background-repeat":"repeat","background-position":"center center","background-size":"auto","background-attachment":"scroll","background-type":"","background-media":"","overlay-type":"","overlay-color":"","overlay-opacity":"","overlay-gradient":""},"mobile":{"background-color":"var(--ast-global-color-5)","background-image":"","background-repeat":"repeat","background-position":"center center","background-size":"auto","background-attachment":"scroll","background-type":"","background-media":"","overlay-type":"","overlay-color":"","overlay-opacity":"","overlay-gradient":""}},"footnotes":""},"class_list":["post-92","page","type-page","status-publish","hentry"],"_links":{"self":[{"href":"https:\/\/someenera-assat.fi\/index.php?rest_route=\/wp\/v2\/pages\/92","targetHints":{"allow":["GET"]}}],"collection":[{"href":"https:\/\/someenera-assat.fi\/index.php?rest_route=\/wp\/v2\/pages"}],"about":[{"href":"https:\/\/someenera-assat.fi\/index.php?rest_route=\/wp\/v2\/types\/page"}],"author":[{"embeddable":true,"href":"https:\/\/someenera-assat.fi\/index.php?rest_route=\/wp\/v2\/users\/1"}],"replies":[{"embeddable":true,"href":"https:\/\/someenera-assat.fi\/index.php?rest_route=%2Fwp%2Fv2%2Fcomments&post=92"}],"version-history":[{"count":25,"href":"https:\/\/someenera-assat.fi\/index.php?rest_route=\/wp\/v2\/pages\/92\/revisions"}],"predecessor-version":[{"id":911,"href":"https:\/\/someenera-assat.fi\/index.php?rest_route=\/wp\/v2\/pages\/92\/revisions\/911"}],"wp:attachment":[{"href":"https:\/\/someenera-assat.fi\/index.php?rest_route=%2Fwp%2Fv2%2Fmedia&parent=92"}],"curies":[{"name":"wp","href":"https:\/\/api.w.org\/{rel}","templated":true}]}}