{"id":99,"date":"2019-03-05T20:26:23","date_gmt":"2019-03-05T18:26:23","guid":{"rendered":"https:\/\/someenera-assat.fi\/?page_id=99"},"modified":"2022-03-29T15:14:11","modified_gmt":"2022-03-29T12:14:11","slug":"etusivu","status":"publish","type":"page","link":"https:\/\/someenera-assat.fi\/","title":{"rendered":"ETUSIVU"},"content":{"rendered":"\r\n<p>SOMEEN ER\u00c4-\u00c4SS\u00c4T RY on Mikkelin Ristiinan Someenj\u00e4rvell\u00e4 toimiva mets\u00e4stysseura.<\/p>\r\n<p>&nbsp;<\/p>\r\n<p>Seura on perustettu 12.2.1981. Seuran vuokratut mets\u00e4stysmaat ovat Suurlahdentien kahtapuolen rajoittuen Louhi- ja Y\u00f6veteen alkaen l\u00e4helt\u00e4 Ristiinan taajama-aluetta ja jatkuen l\u00e4helle Nikisalmea. Toiminta k\u00e4sitt\u00e4\u00e4 vuokraamillaan mailla perinteist\u00e4 riistanhoitoa, pienriistan ja hirven yhteisjahteja. My\u00f6s vieraslajeja ja tuhoel\u00e4imi\u00e4 mets\u00e4stet\u00e4\u00e4n. Seura osallistuu kenneltoimintaan j\u00e4rjest\u00e4en erilaisia haukkukokeita.\u00a0<\/p>\r\n<p>Riistainfo.fi on Suomen riistakeskuksen koulutussivusto. Se on tarkoitettu kaikille luonnosta ja riistasta kiinnostuneille. Riistainfo.fi sis\u00e4lt\u00e4\u00e4 koulutusmateriaaleja sek\u00e4 tietoa mets\u00e4styksen aloittamisesta, riistael\u00e4imist\u00e4, suomalaisesta mets\u00e4styksest\u00e4 ja riistahallinnon teht\u00e4vist\u00e4.\u00a0 <strong><a href=\"https:\/\/www.riistainfo.fi\/\">T\u00e4ss\u00e4 linkki riistainfoon.<\/a><\/strong><\/p>\r\n<p>&nbsp;<\/p>\r\n\r\n\r\n","protected":false},"excerpt":{"rendered":"<p>SOMEEN ER\u00c4-\u00c4SS\u00c4T RY on Mikkelin Ristiinan Someenj\u00e4rvell\u00e4 toimiva mets\u00e4stysseura. &nbsp; Seura on perustettu 12.2.1981. Seuran vuokratut mets\u00e4stysmaat ovat Suurlahdentien kahtapuolen rajoittuen Louhi- ja Y\u00f6veteen alkaen l\u00e4helt\u00e4 Ristiinan taajama-aluetta ja jatkuen l\u00e4helle Nikisalmea. Toiminta k\u00e4sitt\u00e4\u00e4 vuokraamillaan mailla perinteist\u00e4 riistanhoitoa, pienriistan ja hirven yhteisjahteja. My\u00f6s vieraslajeja ja tuhoel\u00e4imi\u00e4 mets\u00e4stet\u00e4\u00e4n. Seura osallistuu kenneltoimintaan j\u00e4rjest\u00e4en erilaisia haukkukokeita.\u00a0 Riistainfo.fi on [&hellip;]<\/p>\n","protected":false},"author":1,"featured_media":189,"parent":0,"menu_order":0,"comment_status":"closed","ping_status":"closed","template":"","meta":{"site-sidebar-layout":"default","site-content-layout":"default","ast-site-content-layout":"default","site-content-style":"default","site-sidebar-style":"default","ast-global-header-display":"","ast-banner-title-visibility":"","ast-main-header-display":"","ast-hfb-above-header-display":"","ast-hfb-below-header-display":"","ast-hfb-mobile-header-display":"","site-post-title":"","ast-breadcrumbs-content":"","ast-featured-img":"","footer-sml-layout":"","ast-disable-related-posts":"","theme-transparent-header-meta":"default","adv-header-id-meta":"","stick-header-meta":"","header-above-stick-meta":"","header-main-stick-meta":"","header-below-stick-meta":"","astra-migrate-meta-layouts":"default","ast-page-background-enabled":"default","ast-page-background-meta":{"desktop":{"background-color":"","background-image":"","background-repeat":"repeat","background-position":"center center","background-size":"auto","background-attachment":"scroll","background-type":"","background-media":"","overlay-type":"","overlay-color":"","overlay-opacity":"","overlay-gradient":""},"tablet":{"background-color":"","background-image":"","background-repeat":"repeat","background-position":"center center","background-size":"auto","background-attachment":"scroll","background-type":"","background-media":"","overlay-type":"","overlay-color":"","overlay-opacity":"","overlay-gradient":""},"mobile":{"background-color":"","background-image":"","background-repeat":"repeat","background-position":"center center","background-size":"auto","background-attachment":"scroll","background-type":"","background-media":"","overlay-type":"","overlay-color":"","overlay-opacity":"","overlay-gradient":""}},"ast-content-background-meta":{"desktop":{"background-color":"var(--ast-global-color-5)","background-image":"","background-repeat":"repeat","background-position":"center center","background-size":"auto","background-attachment":"scroll","background-type":"","background-media":"","overlay-type":"","overlay-color":"","overlay-opacity":"","overlay-gradient":""},"tablet":{"background-color":"var(--ast-global-color-5)","background-image":"","background-repeat":"repeat","background-position":"center center","background-size":"auto","background-attachment":"scroll","background-type":"","background-media":"","overlay-type":"","overlay-color":"","overlay-opacity":"","overlay-gradient":""},"mobile":{"background-color":"var(--ast-global-color-5)","background-image":"","background-repeat":"repeat","background-position":"center center","background-size":"auto","background-attachment":"scroll","background-type":"","background-media":"","overlay-type":"","overlay-color":"","overlay-opacity":"","overlay-gradient":""}},"footnotes":""},"class_list":["post-99","page","type-page","status-publish","has-post-thumbnail","hentry"],"_links":{"self":[{"href":"https:\/\/someenera-assat.fi\/index.php?rest_route=\/wp\/v2\/pages\/99","targetHints":{"allow":["GET"]}}],"collection":[{"href":"https:\/\/someenera-assat.fi\/index.php?rest_route=\/wp\/v2\/pages"}],"about":[{"href":"https:\/\/someenera-assat.fi\/index.php?rest_route=\/wp\/v2\/types\/page"}],"author":[{"embeddable":true,"href":"https:\/\/someenera-assat.fi\/index.php?rest_route=\/wp\/v2\/users\/1"}],"replies":[{"embeddable":true,"href":"https:\/\/someenera-assat.fi\/index.php?rest_route=%2Fwp%2Fv2%2Fcomments&post=99"}],"version-history":[{"count":15,"href":"https:\/\/someenera-assat.fi\/index.php?rest_route=\/wp\/v2\/pages\/99\/revisions"}],"predecessor-version":[{"id":640,"href":"https:\/\/someenera-assat.fi\/index.php?rest_route=\/wp\/v2\/pages\/99\/revisions\/640"}],"wp:featuredmedia":[{"embeddable":true,"href":"https:\/\/someenera-assat.fi\/index.php?rest_route=\/wp\/v2\/media\/189"}],"wp:attachment":[{"href":"https:\/\/someenera-assat.fi\/index.php?rest_route=%2Fwp%2Fv2%2Fmedia&parent=99"}],"curies":[{"name":"wp","href":"https:\/\/api.w.org\/{rel}","templated":true}]}}